{"id":99,"date":"2023-05-08T11:51:38","date_gmt":"2023-05-08T11:51:38","guid":{"rendered":"https:\/\/numerique.vamtam.com\/?page_id=99"},"modified":"2025-04-30T23:52:14","modified_gmt":"2025-04-30T21:52:14","slug":"ouverture-de-compte-en-banque","status":"publish","type":"page","link":"https:\/\/edwcorporate.fr\/en\/services\/ouverture-de-compte-en-banque\/","title":{"rendered":"Opening a bank account"},"content":{"rendered":"<div data-elementor-type=\"wp-page\" data-elementor-id=\"99\" class=\"elementor elementor-99\" data-elementor-post-type=\"page\">\n\t\t\t\t\t\t<section class=\"elementor-section elementor-top-section elementor-element elementor-element-20e5b702 elementor-section-height-min-height elementor-section-content-middle elementor-section-boxed elementor-section-height-default elementor-section-items-middle\" data-id=\"20e5b702\" data-element_type=\"section\">\n\t\t\t\t\t\t<div class=\"elementor-container elementor-column-gap-no\">\n\t\t\t\t\t<div class=\"elementor-column elementor-col-33 elementor-top-column elementor-element elementor-element-43824779\" data-id=\"43824779\" data-element_type=\"column\">\n\t\t\t<div class=\"elementor-widget-wrap elementor-element-populated\">\n\t\t\t\t\t\t<div class=\"elementor-element elementor-element-64d9f75e elementor-widget elementor-widget-heading\" data-id=\"64d9f75e\" data-element_type=\"widget\" data-widget_type=\"heading.default\">\n\t\t\t\t<div class=\"elementor-widget-container\">\n\t\t\t<style>\/*! elementor - v3.22.0 - 26-06-2024 *\/\n.elementor-heading-title{padding:0;margin:0;line-height:1}.elementor-widget-heading .elementor-heading-title[class*=elementor-size-]>a{color:inherit;font-size:inherit;line-height:inherit}.elementor-widget-heading .elementor-heading-title.elementor-size-small{font-size:15px}.elementor-widget-heading .elementor-heading-title.elementor-size-medium{font-size:19px}.elementor-widget-heading .elementor-heading-title.elementor-size-large{font-size:29px}.elementor-widget-heading .elementor-heading-title.elementor-size-xl{font-size:39px}.elementor-widget-heading .elementor-heading-title.elementor-size-xxl{font-size:59px}<\/style><h2 class=\"elementor-heading-title elementor-size-default\">Our Bank Account Opening Services<\/h2>\t\t<\/div>\n\t\t\t\t<\/div>\n\t\t\t\t<div class=\"elementor-element elementor-element-253f10eb elementor-widget elementor-widget-text-editor\" data-id=\"253f10eb\" data-element_type=\"widget\" data-widget_type=\"text-editor.default\">\n\t\t\t\t<div class=\"elementor-widget-container\">\n\t\t\t<style>\/*! elementor - v3.22.0 - 26-06-2024 *\/\n.elementor-widget-text-editor.elementor-drop-cap-view-stacked .elementor-drop-cap{background-color:#69727d;color:#fff}.elementor-widget-text-editor.elementor-drop-cap-view-framed .elementor-drop-cap{color:#69727d;border:3px solid;background-color:transparent}.elementor-widget-text-editor:not(.elementor-drop-cap-view-default) .elementor-drop-cap{margin-top:8px}.elementor-widget-text-editor:not(.elementor-drop-cap-view-default) .elementor-drop-cap-letter{width:1em;height:1em}.elementor-widget-text-editor .elementor-drop-cap{float:left;text-align:center;line-height:1;font-size:50px}.elementor-widget-text-editor .elementor-drop-cap-letter{display:inline-block}<\/style>\t\t\t\t<p>We offer a full range of services to help you open a business bank account quickly and efficiently<\/p>\t\t\t\t\t\t<\/div>\n\t\t\t\t<\/div>\n\t\t\t\t\t<\/div>\n\t\t<\/div>\n\t\t\t\t<div class=\"elementor-column elementor-col-33 elementor-top-column elementor-element elementor-element-1302c63d elementor-hidden-tablet elementor-hidden-mobile\" data-id=\"1302c63d\" data-element_type=\"column\">\n\t\t\t<div class=\"elementor-widget-wrap\">\n\t\t\t\t\t\t\t<\/div>\n\t\t<\/div>\n\t\t\t\t<div class=\"elementor-column elementor-col-33 elementor-top-column elementor-element elementor-element-75c8b9a\" data-id=\"75c8b9a\" data-element_type=\"column\">\n\t\t\t<div class=\"elementor-widget-wrap elementor-element-populated\">\n\t\t\t\t\t\t<div class=\"elementor-element elementor-element-5a39b547 elementor-icon-list--layout-traditional elementor-list-item-link-full_width elementor-widget elementor-widget-icon-list\" data-id=\"5a39b547\" data-element_type=\"widget\" data-widget_type=\"icon-list.default\">\n\t\t\t\t<div class=\"elementor-widget-container\">\n\t\t\t<link rel=\"stylesheet\" href=\"https:\/\/edwcorporate.fr\/wp-content\/plugins\/elementor\/assets\/css\/widget-icon-list.min.css\">\t\t<ul class=\"elementor-icon-list-items\">\n\t\t\t\t\t\t\t<li class=\"elementor-icon-list-item\">\n\t\t\t\t\t\t\t\t\t\t\t<span class=\"elementor-icon-list-icon\">\n\t\t\t\t\t\t\t<i aria-hidden=\"true\" class=\"vamtamtheme- vamtam-theme-check\"><\/i>\t\t\t\t\t\t<\/span>\n\t\t\t\t\t\t\t\t\t\t<span class=\"elementor-icon-list-text\">Analysis of your financial needs to recommend the best banking options.<\/span>\n\t\t\t\t\t\t\t\t\t<\/li>\n\t\t\t\t\t\t\t\t<li class=\"elementor-icon-list-item\">\n\t\t\t\t\t\t\t\t\t\t\t<span class=\"elementor-icon-list-icon\">\n\t\t\t\t\t\t\t<i aria-hidden=\"true\" class=\"vamtamtheme- vamtam-theme-check\"><\/i>\t\t\t\t\t\t<\/span>\n\t\t\t\t\t\t\t\t\t\t<span class=\"elementor-icon-list-text\">Assistance in collecting and preparing the necessary documents.<\/span>\n\t\t\t\t\t\t\t\t\t<\/li>\n\t\t\t\t\t\t\t\t<li class=\"elementor-icon-list-item\">\n\t\t\t\t\t\t\t\t\t\t\t<span class=\"elementor-icon-list-icon\">\n\t\t\t\t\t\t\t<i aria-hidden=\"true\" class=\"vamtamtheme- vamtam-theme-check\"><\/i>\t\t\t\t\t\t<\/span>\n\t\t\t\t\t\t\t\t\t\t<span class=\"elementor-icon-list-text\">Direct communication with our banking partners to facilitate the process.<\/span>\n\t\t\t\t\t\t\t\t\t<\/li>\n\t\t\t\t\t\t<\/ul>\n\t\t\t\t<\/div>\n\t\t\t\t<\/div>\n\t\t\t\t\t<\/div>\n\t\t<\/div>\n\t\t\t\t\t<\/div>\n\t\t<\/section>\n\t\t\t\t<\/div>","protected":false},"excerpt":{"rendered":"<p>We understand the importance of a strong business bank account to the smooth running of your business. We facilitate the process of opening a bank account in Europe and Dubai, offering solutions tailored to your specific needs.<\/p>","protected":false},"author":1,"featured_media":988251,"parent":84,"menu_order":0,"comment_status":"closed","ping_status":"closed","template":"","meta":{"footnotes":""},"class_list":["post-99","page","type-page","status-publish","has-post-thumbnail","hentry"],"yoast_head":"<!-- This site is optimized with the Yoast SEO plugin v23.0 - https:\/\/yoast.com\/wordpress\/plugins\/seo\/ -->\n<title>Ouverture de compte en banque - Edw Corporate<\/title>\n<meta name=\"description\" content=\"Profitez de notre expertise pour choisir la meilleure option bancaire en Europe ou \u00e0 Dubai. S\u00e9curis\u00e9, rapide et sans tracas.\" \/>\n<meta name=\"robots\" content=\"index, follow, max-snippet:-1, max-image-preview:large, max-video-preview:-1\" \/>\n<link rel=\"canonical\" href=\"https:\/\/edwcorporate.fr\/en\/services\/ouverture-de-compte-en-banque\/\" \/>\n<meta property=\"og:locale\" content=\"en_US\" \/>\n<meta property=\"og:type\" content=\"article\" \/>\n<meta property=\"og:title\" content=\"Ouverture de compte en banque - Edw Corporate\" \/>\n<meta property=\"og:description\" content=\"Profitez de notre expertise pour choisir la meilleure option bancaire en Europe ou \u00e0 Dubai. S\u00e9curis\u00e9, rapide et sans tracas.\" \/>\n<meta property=\"og:url\" content=\"https:\/\/edwcorporate.fr\/en\/services\/ouverture-de-compte-en-banque\/\" \/>\n<meta property=\"og:site_name\" content=\"Edw Corporate\" \/>\n<meta property=\"article:modified_time\" content=\"2025-04-30T21:52:14+00:00\" \/>\n<meta property=\"og:image\" content=\"https:\/\/edwcorporate.fr\/wp-content\/uploads\/2025\/04\/WhatsApp-Image-2025-04-30-at-03.34.15.jpeg\" \/>\n\t<meta property=\"og:image:width\" content=\"564\" \/>\n\t<meta property=\"og:image:height\" content=\"842\" \/>\n\t<meta property=\"og:image:type\" content=\"image\/jpeg\" \/>\n<meta name=\"twitter:card\" content=\"summary_large_image\" \/>\n<meta name=\"twitter:label1\" content=\"Est. reading time\" \/>\n\t<meta name=\"twitter:data1\" content=\"1 minute\" \/>\n<script type=\"application\/ld+json\" class=\"yoast-schema-graph\">{\"@context\":\"https:\/\/schema.org\",\"@graph\":[{\"@type\":\"WebPage\",\"@id\":\"https:\/\/edwcorporate.fr\/services\/ouverture-de-compte-en-banque\/\",\"url\":\"https:\/\/edwcorporate.fr\/services\/ouverture-de-compte-en-banque\/\",\"name\":\"Ouverture de compte en banque - Edw Corporate\",\"isPartOf\":{\"@id\":\"https:\/\/edwcorporate.fr\/#website\"},\"primaryImageOfPage\":{\"@id\":\"https:\/\/edwcorporate.fr\/services\/ouverture-de-compte-en-banque\/#primaryimage\"},\"image\":{\"@id\":\"https:\/\/edwcorporate.fr\/services\/ouverture-de-compte-en-banque\/#primaryimage\"},\"thumbnailUrl\":\"https:\/\/edwcorporate.fr\/wp-content\/uploads\/2025\/04\/WhatsApp-Image-2025-04-30-at-03.34.15.jpeg\",\"datePublished\":\"2023-05-08T11:51:38+00:00\",\"dateModified\":\"2025-04-30T21:52:14+00:00\",\"description\":\"Profitez de notre expertise pour choisir la meilleure option bancaire en Europe ou \u00e0 Dubai. S\u00e9curis\u00e9, rapide et sans tracas.\",\"breadcrumb\":{\"@id\":\"https:\/\/edwcorporate.fr\/services\/ouverture-de-compte-en-banque\/#breadcrumb\"},\"inLanguage\":\"en-US\",\"potentialAction\":[{\"@type\":\"ReadAction\",\"target\":[\"https:\/\/edwcorporate.fr\/services\/ouverture-de-compte-en-banque\/\"]}]},{\"@type\":\"ImageObject\",\"inLanguage\":\"en-US\",\"@id\":\"https:\/\/edwcorporate.fr\/services\/ouverture-de-compte-en-banque\/#primaryimage\",\"url\":\"https:\/\/edwcorporate.fr\/wp-content\/uploads\/2025\/04\/WhatsApp-Image-2025-04-30-at-03.34.15.jpeg\",\"contentUrl\":\"https:\/\/edwcorporate.fr\/wp-content\/uploads\/2025\/04\/WhatsApp-Image-2025-04-30-at-03.34.15.jpeg\",\"width\":564,\"height\":842},{\"@type\":\"BreadcrumbList\",\"@id\":\"https:\/\/edwcorporate.fr\/services\/ouverture-de-compte-en-banque\/#breadcrumb\",\"itemListElement\":[{\"@type\":\"ListItem\",\"position\":1,\"name\":\"Accueil\",\"item\":\"https:\/\/edwcorporate.fr\/\"},{\"@type\":\"ListItem\",\"position\":2,\"name\":\"Services\",\"item\":\"https:\/\/edwcorporate.fr\/services\/\"},{\"@type\":\"ListItem\",\"position\":3,\"name\":\"Ouverture de compte en banque\"}]},{\"@type\":\"WebSite\",\"@id\":\"https:\/\/edwcorporate.fr\/#website\",\"url\":\"https:\/\/edwcorporate.fr\/\",\"name\":\"Edw Corporate\",\"description\":\"Accompagnement strat\u00e9gique pour des r\u00e9sultats durables\",\"publisher\":{\"@id\":\"https:\/\/edwcorporate.fr\/#organization\"},\"potentialAction\":[{\"@type\":\"SearchAction\",\"target\":{\"@type\":\"EntryPoint\",\"urlTemplate\":\"https:\/\/edwcorporate.fr\/?s={search_term_string}\"},\"query-input\":\"required name=search_term_string\"}],\"inLanguage\":\"en-US\"},{\"@type\":\"Organization\",\"@id\":\"https:\/\/edwcorporate.fr\/#organization\",\"name\":\"Edw Corporate\",\"url\":\"https:\/\/edwcorporate.fr\/\",\"logo\":{\"@type\":\"ImageObject\",\"inLanguage\":\"en-US\",\"@id\":\"https:\/\/edwcorporate.fr\/#\/schema\/logo\/image\/\",\"url\":\"https:\/\/edwcorporate.fr\/wp-content\/uploads\/2023\/05\/logo.png\",\"contentUrl\":\"https:\/\/edwcorporate.fr\/wp-content\/uploads\/2023\/05\/logo.png\",\"width\":1010,\"height\":206,\"caption\":\"Edw Corporate\"},\"image\":{\"@id\":\"https:\/\/edwcorporate.fr\/#\/schema\/logo\/image\/\"}}]}<\/script>\n<!-- \/ Yoast SEO plugin. -->","yoast_head_json":{"title":"Ouverture de compte en banque - Edw Corporate","description":"Profitez de notre expertise pour choisir la meilleure option bancaire en Europe ou \u00e0 Dubai. S\u00e9curis\u00e9, rapide et sans tracas.","robots":{"index":"index","follow":"follow","max-snippet":"max-snippet:-1","max-image-preview":"max-image-preview:large","max-video-preview":"max-video-preview:-1"},"canonical":"https:\/\/edwcorporate.fr\/en\/services\/ouverture-de-compte-en-banque\/","og_locale":"en_US","og_type":"article","og_title":"Ouverture de compte en banque - Edw Corporate","og_description":"Profitez de notre expertise pour choisir la meilleure option bancaire en Europe ou \u00e0 Dubai. S\u00e9curis\u00e9, rapide et sans tracas.","og_url":"https:\/\/edwcorporate.fr\/en\/services\/ouverture-de-compte-en-banque\/","og_site_name":"Edw Corporate","article_modified_time":"2025-04-30T21:52:14+00:00","og_image":[{"width":564,"height":842,"url":"https:\/\/edwcorporate.fr\/wp-content\/uploads\/2025\/04\/WhatsApp-Image-2025-04-30-at-03.34.15.jpeg","type":"image\/jpeg"}],"twitter_card":"summary_large_image","twitter_misc":{"Est. reading time":"1 minute"},"schema":{"@context":"https:\/\/schema.org","@graph":[{"@type":"WebPage","@id":"https:\/\/edwcorporate.fr\/services\/ouverture-de-compte-en-banque\/","url":"https:\/\/edwcorporate.fr\/services\/ouverture-de-compte-en-banque\/","name":"Ouverture de compte en banque - Edw Corporate","isPartOf":{"@id":"https:\/\/edwcorporate.fr\/#website"},"primaryImageOfPage":{"@id":"https:\/\/edwcorporate.fr\/services\/ouverture-de-compte-en-banque\/#primaryimage"},"image":{"@id":"https:\/\/edwcorporate.fr\/services\/ouverture-de-compte-en-banque\/#primaryimage"},"thumbnailUrl":"https:\/\/edwcorporate.fr\/wp-content\/uploads\/2025\/04\/WhatsApp-Image-2025-04-30-at-03.34.15.jpeg","datePublished":"2023-05-08T11:51:38+00:00","dateModified":"2025-04-30T21:52:14+00:00","description":"Profitez de notre expertise pour choisir la meilleure option bancaire en Europe ou \u00e0 Dubai. S\u00e9curis\u00e9, rapide et sans tracas.","breadcrumb":{"@id":"https:\/\/edwcorporate.fr\/services\/ouverture-de-compte-en-banque\/#breadcrumb"},"inLanguage":"en-US","potentialAction":[{"@type":"ReadAction","target":["https:\/\/edwcorporate.fr\/services\/ouverture-de-compte-en-banque\/"]}]},{"@type":"ImageObject","inLanguage":"en-US","@id":"https:\/\/edwcorporate.fr\/services\/ouverture-de-compte-en-banque\/#primaryimage","url":"https:\/\/edwcorporate.fr\/wp-content\/uploads\/2025\/04\/WhatsApp-Image-2025-04-30-at-03.34.15.jpeg","contentUrl":"https:\/\/edwcorporate.fr\/wp-content\/uploads\/2025\/04\/WhatsApp-Image-2025-04-30-at-03.34.15.jpeg","width":564,"height":842},{"@type":"BreadcrumbList","@id":"https:\/\/edwcorporate.fr\/services\/ouverture-de-compte-en-banque\/#breadcrumb","itemListElement":[{"@type":"ListItem","position":1,"name":"Accueil","item":"https:\/\/edwcorporate.fr\/"},{"@type":"ListItem","position":2,"name":"Services","item":"https:\/\/edwcorporate.fr\/services\/"},{"@type":"ListItem","position":3,"name":"Ouverture de compte en banque"}]},{"@type":"WebSite","@id":"https:\/\/edwcorporate.fr\/#website","url":"https:\/\/edwcorporate.fr\/","name":"Edw Corporate","description":"Accompagnement strat\u00e9gique pour des r\u00e9sultats durables","publisher":{"@id":"https:\/\/edwcorporate.fr\/#organization"},"potentialAction":[{"@type":"SearchAction","target":{"@type":"EntryPoint","urlTemplate":"https:\/\/edwcorporate.fr\/?s={search_term_string}"},"query-input":"required name=search_term_string"}],"inLanguage":"en-US"},{"@type":"Organization","@id":"https:\/\/edwcorporate.fr\/#organization","name":"Edw Corporate","url":"https:\/\/edwcorporate.fr\/","logo":{"@type":"ImageObject","inLanguage":"en-US","@id":"https:\/\/edwcorporate.fr\/#\/schema\/logo\/image\/","url":"https:\/\/edwcorporate.fr\/wp-content\/uploads\/2023\/05\/logo.png","contentUrl":"https:\/\/edwcorporate.fr\/wp-content\/uploads\/2023\/05\/logo.png","width":1010,"height":206,"caption":"Edw Corporate"},"image":{"@id":"https:\/\/edwcorporate.fr\/#\/schema\/logo\/image\/"}}]}},"_links":{"self":[{"href":"https:\/\/edwcorporate.fr\/en\/wp-json\/wp\/v2\/pages\/99","targetHints":{"allow":["GET"]}}],"collection":[{"href":"https:\/\/edwcorporate.fr\/en\/wp-json\/wp\/v2\/pages"}],"about":[{"href":"https:\/\/edwcorporate.fr\/en\/wp-json\/wp\/v2\/types\/page"}],"author":[{"embeddable":true,"href":"https:\/\/edwcorporate.fr\/en\/wp-json\/wp\/v2\/users\/1"}],"replies":[{"embeddable":true,"href":"https:\/\/edwcorporate.fr\/en\/wp-json\/wp\/v2\/comments?post=99"}],"version-history":[{"count":5,"href":"https:\/\/edwcorporate.fr\/en\/wp-json\/wp\/v2\/pages\/99\/revisions"}],"predecessor-version":[{"id":987862,"href":"https:\/\/edwcorporate.fr\/en\/wp-json\/wp\/v2\/pages\/99\/revisions\/987862"}],"up":[{"embeddable":true,"href":"https:\/\/edwcorporate.fr\/en\/wp-json\/wp\/v2\/pages\/84"}],"wp:featuredmedia":[{"embeddable":true,"href":"https:\/\/edwcorporate.fr\/en\/wp-json\/wp\/v2\/media\/988251"}],"wp:attachment":[{"href":"https:\/\/edwcorporate.fr\/en\/wp-json\/wp\/v2\/media?parent=99"}],"curies":[{"name":"wp","href":"https:\/\/api.w.org\/{rel}","templated":true}]}}