{"id":988340,"date":"2025-05-07T23:50:44","date_gmt":"2025-05-07T21:50:44","guid":{"rendered":"https:\/\/edwcorporate.fr\/?page_id=988340"},"modified":"2025-05-07T23:51:49","modified_gmt":"2025-05-07T21:51:49","slug":"creation-de-contenu-visuel-amp-identite-de-marque","status":"publish","type":"page","link":"https:\/\/edwcorporate.fr\/en\/services\/creation-de-contenu-visuel-amp-identite-de-marque\/","title":{"rendered":"Cr\u00e9ation de contenu visuel &amp; Identit\u00e9 de marque"},"content":{"rendered":"<div data-elementor-type=\"wp-page\" data-elementor-id=\"988340\" class=\"elementor elementor-988340\" data-elementor-post-type=\"page\">\n\t\t\t\t\t\t<section class=\"elementor-section elementor-top-section elementor-element elementor-element-0ec996c elementor-section-boxed elementor-section-height-default elementor-section-height-default\" data-id=\"0ec996c\" data-element_type=\"section\">\n\t\t\t\t\t\t<div class=\"elementor-container elementor-column-gap-no\">\n\t\t\t\t\t<div class=\"elementor-column elementor-col-100 elementor-top-column elementor-element elementor-element-e42180f\" data-id=\"e42180f\" data-element_type=\"column\">\n\t\t\t<div class=\"elementor-widget-wrap elementor-element-populated\">\n\t\t\t\t\t\t<div class=\"elementor-element elementor-element-281df1d elementor-invisible elementor-widget elementor-widget-heading\" data-id=\"281df1d\" data-element_type=\"widget\" data-settings=\"{&quot;_animation&quot;:&quot;fadeInDown&quot;,&quot;_animation_delay&quot;:100,&quot;_animation_tablet&quot;:&quot;none&quot;}\" data-widget_type=\"heading.default\">\n\t\t\t\t<div class=\"elementor-widget-container\">\n\t\t\t<style>\/*! elementor - v3.22.0 - 26-06-2024 *\/\n.elementor-heading-title{padding:0;margin:0;line-height:1}.elementor-widget-heading .elementor-heading-title[class*=elementor-size-]>a{color:inherit;font-size:inherit;line-height:inherit}.elementor-widget-heading .elementor-heading-title.elementor-size-small{font-size:15px}.elementor-widget-heading .elementor-heading-title.elementor-size-medium{font-size:19px}.elementor-widget-heading .elementor-heading-title.elementor-size-large{font-size:29px}.elementor-widget-heading .elementor-heading-title.elementor-size-xl{font-size:39px}.elementor-widget-heading .elementor-heading-title.elementor-size-xxl{font-size:59px}<\/style><h6 class=\"elementor-heading-title elementor-size-default\">Nos prestations incluent<\/h6>\t\t<\/div>\n\t\t\t\t<\/div>\n\t\t\t\t<div class=\"elementor-element elementor-element-61b9113 elementor-invisible elementor-widget elementor-widget-heading\" data-id=\"61b9113\" data-element_type=\"widget\" data-settings=\"{&quot;_animation&quot;:&quot;fadeIn&quot;,&quot;_animation_delay&quot;:300,&quot;_animation_tablet&quot;:&quot;none&quot;}\" data-widget_type=\"heading.default\">\n\t\t\t\t<div class=\"elementor-widget-container\">\n\t\t\t<h4 class=\"elementor-heading-title elementor-size-default\">Un univers visuel \u00e0 la hauteur de vos ambitions.\nVotre branding devient une arme strat\u00e9gique, au service de votre notori\u00e9t\u00e9, de votre croissance et de votre image.<\/h4>\t\t<\/div>\n\t\t\t\t<\/div>\n\t\t\t\t\t<\/div>\n\t\t<\/div>\n\t\t\t\t\t<\/div>\n\t\t<\/section>\n\t\t\t\t<section class=\"elementor-section elementor-top-section elementor-element elementor-element-c548af6 elementor-section-boxed elementor-section-height-default elementor-section-height-default\" data-id=\"c548af6\" data-element_type=\"section\">\n\t\t\t\t\t\t<div class=\"elementor-container elementor-column-gap-no\">\n\t\t\t\t\t<div class=\"elementor-column elementor-col-33 elementor-top-column elementor-element elementor-element-269f6ac\" data-id=\"269f6ac\" data-element_type=\"column\">\n\t\t\t<div class=\"elementor-widget-wrap elementor-element-populated\">\n\t\t\t\t\t\t<div class=\"elementor-element elementor-element-9c39030 elementor-view-stacked elementor-shape-circle elementor-widget elementor-widget-icon\" data-id=\"9c39030\" data-element_type=\"widget\" data-widget_type=\"icon.default\">\n\t\t\t\t<div class=\"elementor-widget-container\">\n\t\t\t\t\t<div class=\"elementor-icon-wrapper\">\n\t\t\t<div class=\"elementor-icon\">\n\t\t\t<i aria-hidden=\"true\" class=\"fas fa-paint-brush\"><\/i>\t\t\t<\/div>\n\t\t<\/div>\n\t\t\t\t<\/div>\n\t\t\t\t<\/div>\n\t\t\t\t<div class=\"elementor-element elementor-element-f933ead elementor-widget elementor-widget-heading\" data-id=\"f933ead\" data-element_type=\"widget\" data-widget_type=\"heading.default\">\n\t\t\t\t<div class=\"elementor-widget-container\">\n\t\t\t<h5 class=\"elementor-heading-title elementor-size-default\">Logo professionnel &amp; charte graphique<\/h5>\t\t<\/div>\n\t\t\t\t<\/div>\n\t\t\t\t<div class=\"elementor-element elementor-element-c82602d elementor-widget elementor-widget-text-editor\" data-id=\"c82602d\" data-element_type=\"widget\" data-widget_type=\"text-editor.default\">\n\t\t\t\t<div class=\"elementor-widget-container\">\n\t\t\t<style>\/*! elementor - v3.22.0 - 26-06-2024 *\/\n.elementor-widget-text-editor.elementor-drop-cap-view-stacked .elementor-drop-cap{background-color:#69727d;color:#fff}.elementor-widget-text-editor.elementor-drop-cap-view-framed .elementor-drop-cap{color:#69727d;border:3px solid;background-color:transparent}.elementor-widget-text-editor:not(.elementor-drop-cap-view-default) .elementor-drop-cap{margin-top:8px}.elementor-widget-text-editor:not(.elementor-drop-cap-view-default) .elementor-drop-cap-letter{width:1em;height:1em}.elementor-widget-text-editor .elementor-drop-cap{float:left;text-align:center;line-height:1;font-size:50px}.elementor-widget-text-editor .elementor-drop-cap-letter{display:inline-block}<\/style>\t\t\t\t<p>Un logo minimaliste, puissant et m\u00e9morable, accompagn\u00e9 d\u2019une charte graphique coh\u00e9rente pour une communication uniforme sur tous vos supports.<\/p>\t\t\t\t\t\t<\/div>\n\t\t\t\t<\/div>\n\t\t\t\t\t<\/div>\n\t\t<\/div>\n\t\t\t\t<div class=\"elementor-column elementor-col-33 elementor-top-column elementor-element elementor-element-3eb913f\" data-id=\"3eb913f\" data-element_type=\"column\">\n\t\t\t<div class=\"elementor-widget-wrap elementor-element-populated\">\n\t\t\t\t\t\t<div class=\"elementor-element elementor-element-8c06104 elementor-view-stacked elementor-shape-circle elementor-widget elementor-widget-icon\" data-id=\"8c06104\" data-element_type=\"widget\" data-widget_type=\"icon.default\">\n\t\t\t\t<div class=\"elementor-widget-container\">\n\t\t\t\t\t<div class=\"elementor-icon-wrapper\">\n\t\t\t<div class=\"elementor-icon\">\n\t\t\t<i aria-hidden=\"true\" class=\"fas fa-print\"><\/i>\t\t\t<\/div>\n\t\t<\/div>\n\t\t\t\t<\/div>\n\t\t\t\t<\/div>\n\t\t\t\t<div class=\"elementor-element elementor-element-4bc0fbd elementor-widget elementor-widget-heading\" data-id=\"4bc0fbd\" data-element_type=\"widget\" data-widget_type=\"heading.default\">\n\t\t\t\t<div class=\"elementor-widget-container\">\n\t\t\t<h5 class=\"elementor-heading-title elementor-size-default\">Plaquette commerciale & supports imprim\u00e9s<\/h5>\t\t<\/div>\n\t\t\t\t<\/div>\n\t\t\t\t<div class=\"elementor-element elementor-element-603b2ec elementor-widget elementor-widget-text-editor\" data-id=\"603b2ec\" data-element_type=\"widget\" data-widget_type=\"text-editor.default\">\n\t\t\t\t<div class=\"elementor-widget-container\">\n\t\t\t\t\t\t\t<p>Conception de plaquettes haut de gamme, claires et percutantes pour pr\u00e9senter vos offres, services ou produits. Id\u00e9al pour vos rendez-vous, salons ou pr\u00e9sentations strat\u00e9giques.<\/p>\t\t\t\t\t\t<\/div>\n\t\t\t\t<\/div>\n\t\t\t\t\t<\/div>\n\t\t<\/div>\n\t\t\t\t<div class=\"elementor-column elementor-col-33 elementor-top-column elementor-element elementor-element-ea873ae\" data-id=\"ea873ae\" data-element_type=\"column\">\n\t\t\t<div class=\"elementor-widget-wrap elementor-element-populated\">\n\t\t\t\t\t\t<div class=\"elementor-element elementor-element-e6c92fa elementor-view-stacked elementor-shape-circle elementor-widget elementor-widget-icon\" data-id=\"e6c92fa\" data-element_type=\"widget\" data-widget_type=\"icon.default\">\n\t\t\t\t<div class=\"elementor-widget-container\">\n\t\t\t\t\t<div class=\"elementor-icon-wrapper\">\n\t\t\t<div class=\"elementor-icon\">\n\t\t\t<i aria-hidden=\"true\" class=\"far fa-address-card\"><\/i>\t\t\t<\/div>\n\t\t<\/div>\n\t\t\t\t<\/div>\n\t\t\t\t<\/div>\n\t\t\t\t<div class=\"elementor-element elementor-element-7327aab elementor-widget elementor-widget-heading\" data-id=\"7327aab\" data-element_type=\"widget\" data-widget_type=\"heading.default\">\n\t\t\t\t<div class=\"elementor-widget-container\">\n\t\t\t<h5 class=\"elementor-heading-title elementor-size-default\">Cartes de visite de standing<\/h5>\t\t<\/div>\n\t\t\t\t<\/div>\n\t\t\t\t<div class=\"elementor-element elementor-element-db3c916 elementor-widget elementor-widget-text-editor\" data-id=\"db3c916\" data-element_type=\"widget\" data-widget_type=\"text-editor.default\">\n\t\t\t\t<div class=\"elementor-widget-container\">\n\t\t\t\t\t\t\t<p>Des cartes \u00e9l\u00e9gantes, professionnelles et personnalis\u00e9es, qui laissent une impression durable \u00e0 vos interlocuteurs.<\/p>\t\t\t\t\t\t<\/div>\n\t\t\t\t<\/div>\n\t\t\t\t\t<\/div>\n\t\t<\/div>\n\t\t\t\t\t<\/div>\n\t\t<\/section>\n\t\t\t\t<section class=\"elementor-section elementor-top-section elementor-element elementor-element-2bf5625 elementor-section-boxed elementor-section-height-default elementor-section-height-default\" data-id=\"2bf5625\" data-element_type=\"section\">\n\t\t\t\t\t\t<div class=\"elementor-container elementor-column-gap-no\">\n\t\t\t\t\t<div class=\"elementor-column elementor-col-33 elementor-top-column elementor-element elementor-element-4081839\" data-id=\"4081839\" data-element_type=\"column\">\n\t\t\t<div class=\"elementor-widget-wrap elementor-element-populated\">\n\t\t\t\t\t\t<div class=\"elementor-element elementor-element-684cc0b elementor-view-stacked elementor-shape-circle elementor-widget elementor-widget-icon\" data-id=\"684cc0b\" data-element_type=\"widget\" data-widget_type=\"icon.default\">\n\t\t\t\t<div class=\"elementor-widget-container\">\n\t\t\t\t\t<div class=\"elementor-icon-wrapper\">\n\t\t\t<div class=\"elementor-icon\">\n\t\t\t<i aria-hidden=\"true\" class=\"vamtamtheme- vamtam-theme-social-media\"><\/i>\t\t\t<\/div>\n\t\t<\/div>\n\t\t\t\t<\/div>\n\t\t\t\t<\/div>\n\t\t\t\t<div class=\"elementor-element elementor-element-7a71960 elementor-widget elementor-widget-heading\" data-id=\"7a71960\" data-element_type=\"widget\" data-widget_type=\"heading.default\">\n\t\t\t\t<div class=\"elementor-widget-container\">\n\t\t\t<h5 class=\"elementor-heading-title elementor-size-default\">Visuels pour r\u00e9seaux sociaux &amp; branding digital<\/h5>\t\t<\/div>\n\t\t\t\t<\/div>\n\t\t\t\t<div class=\"elementor-element elementor-element-aeb5121 elementor-widget elementor-widget-text-editor\" data-id=\"aeb5121\" data-element_type=\"widget\" data-widget_type=\"text-editor.default\">\n\t\t\t\t<div class=\"elementor-widget-container\">\n\t\t\t\t\t\t\t<p>Des visuels coh\u00e9rents avec votre positionnement, pour Instagram, LinkedIn, TikTok, ou vos publicit\u00e9s en ligne. Votre contenu devient une vitrine cr\u00e9dible et professionnelle.<\/p>\t\t\t\t\t\t<\/div>\n\t\t\t\t<\/div>\n\t\t\t\t\t<\/div>\n\t\t<\/div>\n\t\t\t\t<div class=\"elementor-column elementor-col-33 elementor-top-column elementor-element elementor-element-3280417\" data-id=\"3280417\" data-element_type=\"column\">\n\t\t\t<div class=\"elementor-widget-wrap elementor-element-populated\">\n\t\t\t\t\t\t<div class=\"elementor-element elementor-element-8e13dd2 elementor-view-stacked elementor-shape-circle elementor-widget elementor-widget-icon\" data-id=\"8e13dd2\" data-element_type=\"widget\" data-widget_type=\"icon.default\">\n\t\t\t\t<div class=\"elementor-widget-container\">\n\t\t\t\t\t<div class=\"elementor-icon-wrapper\">\n\t\t\t<div class=\"elementor-icon\">\n\t\t\t<i aria-hidden=\"true\" class=\"fas fa-video\"><\/i>\t\t\t<\/div>\n\t\t<\/div>\n\t\t\t\t<\/div>\n\t\t\t\t<\/div>\n\t\t\t\t<div class=\"elementor-element elementor-element-a3cc17e elementor-widget elementor-widget-heading\" data-id=\"a3cc17e\" data-element_type=\"widget\" data-widget_type=\"heading.default\">\n\t\t\t\t<div class=\"elementor-widget-container\">\n\t\t\t<h5 class=\"elementor-heading-title elementor-size-default\">Vid\u00e9o de pr\u00e9sentation & storytelling de marque<\/h5>\t\t<\/div>\n\t\t\t\t<\/div>\n\t\t\t\t<div class=\"elementor-element elementor-element-381a17e elementor-widget elementor-widget-text-editor\" data-id=\"381a17e\" data-element_type=\"widget\" data-widget_type=\"text-editor.default\">\n\t\t\t\t<div class=\"elementor-widget-container\">\n\t\t\t\t\t\t\t<p>Nous produisons des vid\u00e9os de qualit\u00e9 (pr\u00e9sentation, interview, teaser, reels, etc.) pour incarner votre message, inspirer confiance et capter l\u2019attention de votre audience.<\/p>\t\t\t\t\t\t<\/div>\n\t\t\t\t<\/div>\n\t\t\t\t\t<\/div>\n\t\t<\/div>\n\t\t\t\t<div class=\"elementor-column elementor-col-33 elementor-top-column elementor-element elementor-element-c5049a2 elementor-hidden-desktop elementor-hidden-tablet elementor-hidden-mobile\" data-id=\"c5049a2\" data-element_type=\"column\">\n\t\t\t<div class=\"elementor-widget-wrap elementor-element-populated\">\n\t\t\t\t\t\t<div class=\"elementor-element elementor-element-9e42727 elementor-view-stacked elementor-shape-circle elementor-widget elementor-widget-icon\" data-id=\"9e42727\" data-element_type=\"widget\" data-widget_type=\"icon.default\">\n\t\t\t\t<div class=\"elementor-widget-container\">\n\t\t\t\t\t<div class=\"elementor-icon-wrapper\">\n\t\t\t<div class=\"elementor-icon\">\n\t\t\t<i aria-hidden=\"true\" class=\"fas fa-database\"><\/i>\t\t\t<\/div>\n\t\t<\/div>\n\t\t\t\t<\/div>\n\t\t\t\t<\/div>\n\t\t\t\t<div class=\"elementor-element elementor-element-ca40f6b elementor-widget elementor-widget-heading\" data-id=\"ca40f6b\" data-element_type=\"widget\" data-widget_type=\"heading.default\">\n\t\t\t\t<div class=\"elementor-widget-container\">\n\t\t\t<h5 class=\"elementor-heading-title elementor-size-default\">Cartes de visite de standing<\/h5>\t\t<\/div>\n\t\t\t\t<\/div>\n\t\t\t\t<div class=\"elementor-element elementor-element-648a679 elementor-widget elementor-widget-text-editor\" data-id=\"648a679\" data-element_type=\"widget\" data-widget_type=\"text-editor.default\">\n\t\t\t\t<div class=\"elementor-widget-container\">\n\t\t\t\t\t\t\t<p>Des cartes \u00e9l\u00e9gantes, professionnelles et personnalis\u00e9es, qui laissent une impression durable \u00e0 vos interlocuteurs.<\/p>\t\t\t\t\t\t<\/div>\n\t\t\t\t<\/div>\n\t\t\t\t\t<\/div>\n\t\t<\/div>\n\t\t\t\t\t<\/div>\n\t\t<\/section>\n\t\t\t\t<\/div>","protected":false},"excerpt":{"rendered":"<p>Un visuel professionnel ne se contente pas d\u2019\u00eatre joli. Il doit convaincre, incarner votre positionnement et inspirer confiance.<br \/>\nC\u2019est pourquoi chez Edw Corporate, nous vous accompagnons dans la cr\u00e9ation compl\u00e8te de votre identit\u00e9 visuelle et de vos supports de communication, en coh\u00e9rence avec vos ambitions business. Chaque d\u00e9tail compte : couleurs, typographie, design, narration visuelle\u2026 Tout est pens\u00e9 pour refl\u00e9ter la valeur de votre entreprise et s\u00e9duire vos clients d\u00e8s le premier regard.<\/p>","protected":false},"author":1,"featured_media":0,"parent":84,"menu_order":0,"comment_status":"closed","ping_status":"closed","template":"","meta":{"footnotes":""},"class_list":["post-988340","page","type-page","status-publish","hentry"],"yoast_head":"<!-- This site is optimized with the Yoast SEO plugin v23.0 - https:\/\/yoast.com\/wordpress\/plugins\/seo\/ -->\n<title>Cr\u00e9ation de contenu visuel &amp; Identit\u00e9 de marque - Edw Corporate<\/title>\n<meta name=\"description\" content=\"Chez Edw Corporate, nous vous accompagnons dans la cr\u00e9ation compl\u00e8te de votre identit\u00e9 visuelle et de vos supports de communication, en coh\u00e9rence avec vos ambitions business.\" \/>\n<meta name=\"robots\" content=\"index, follow, max-snippet:-1, max-image-preview:large, max-video-preview:-1\" \/>\n<link rel=\"canonical\" href=\"https:\/\/edwcorporate.fr\/en\/services\/creation-de-contenu-visuel-amp-identite-de-marque\/\" \/>\n<meta property=\"og:locale\" content=\"en_US\" \/>\n<meta property=\"og:type\" content=\"article\" \/>\n<meta property=\"og:title\" content=\"Cr\u00e9ation de contenu visuel &amp; Identit\u00e9 de marque - Edw Corporate\" \/>\n<meta property=\"og:description\" content=\"Chez Edw Corporate, nous vous accompagnons dans la cr\u00e9ation compl\u00e8te de votre identit\u00e9 visuelle et de vos supports de communication, en coh\u00e9rence avec vos ambitions business.\" \/>\n<meta property=\"og:url\" content=\"https:\/\/edwcorporate.fr\/en\/services\/creation-de-contenu-visuel-amp-identite-de-marque\/\" \/>\n<meta property=\"og:site_name\" content=\"Edw Corporate\" \/>\n<meta property=\"article:modified_time\" content=\"2025-05-07T21:51:49+00:00\" \/>\n<meta name=\"twitter:card\" content=\"summary_large_image\" \/>\n<meta name=\"twitter:label1\" content=\"Est. reading time\" \/>\n\t<meta name=\"twitter:data1\" content=\"1 minute\" \/>\n<script type=\"application\/ld+json\" class=\"yoast-schema-graph\">{\"@context\":\"https:\/\/schema.org\",\"@graph\":[{\"@type\":\"WebPage\",\"@id\":\"https:\/\/edwcorporate.fr\/services\/creation-de-contenu-visuel-amp-identite-de-marque\/\",\"url\":\"https:\/\/edwcorporate.fr\/services\/creation-de-contenu-visuel-amp-identite-de-marque\/\",\"name\":\"Cr\u00e9ation de contenu visuel &amp; Identit\u00e9 de marque - Edw Corporate\",\"isPartOf\":{\"@id\":\"https:\/\/edwcorporate.fr\/#website\"},\"datePublished\":\"2025-05-07T21:50:44+00:00\",\"dateModified\":\"2025-05-07T21:51:49+00:00\",\"description\":\"Chez Edw Corporate, nous vous accompagnons dans la cr\u00e9ation compl\u00e8te de votre identit\u00e9 visuelle et de vos supports de communication, en coh\u00e9rence avec vos ambitions business.\",\"breadcrumb\":{\"@id\":\"https:\/\/edwcorporate.fr\/services\/creation-de-contenu-visuel-amp-identite-de-marque\/#breadcrumb\"},\"inLanguage\":\"en-US\",\"potentialAction\":[{\"@type\":\"ReadAction\",\"target\":[\"https:\/\/edwcorporate.fr\/services\/creation-de-contenu-visuel-amp-identite-de-marque\/\"]}]},{\"@type\":\"BreadcrumbList\",\"@id\":\"https:\/\/edwcorporate.fr\/services\/creation-de-contenu-visuel-amp-identite-de-marque\/#breadcrumb\",\"itemListElement\":[{\"@type\":\"ListItem\",\"position\":1,\"name\":\"Accueil\",\"item\":\"https:\/\/edwcorporate.fr\/\"},{\"@type\":\"ListItem\",\"position\":2,\"name\":\"Services\",\"item\":\"https:\/\/edwcorporate.fr\/services\/\"},{\"@type\":\"ListItem\",\"position\":3,\"name\":\"Cr\u00e9ation de contenu visuel &amp; Identit\u00e9 de marque\"}]},{\"@type\":\"WebSite\",\"@id\":\"https:\/\/edwcorporate.fr\/#website\",\"url\":\"https:\/\/edwcorporate.fr\/\",\"name\":\"Edw Corporate\",\"description\":\"Accompagnement strat\u00e9gique pour des r\u00e9sultats durables\",\"publisher\":{\"@id\":\"https:\/\/edwcorporate.fr\/#organization\"},\"potentialAction\":[{\"@type\":\"SearchAction\",\"target\":{\"@type\":\"EntryPoint\",\"urlTemplate\":\"https:\/\/edwcorporate.fr\/?s={search_term_string}\"},\"query-input\":\"required name=search_term_string\"}],\"inLanguage\":\"en-US\"},{\"@type\":\"Organization\",\"@id\":\"https:\/\/edwcorporate.fr\/#organization\",\"name\":\"Edw Corporate\",\"url\":\"https:\/\/edwcorporate.fr\/\",\"logo\":{\"@type\":\"ImageObject\",\"inLanguage\":\"en-US\",\"@id\":\"https:\/\/edwcorporate.fr\/#\/schema\/logo\/image\/\",\"url\":\"https:\/\/edwcorporate.fr\/wp-content\/uploads\/2023\/05\/logo.png\",\"contentUrl\":\"https:\/\/edwcorporate.fr\/wp-content\/uploads\/2023\/05\/logo.png\",\"width\":1010,\"height\":206,\"caption\":\"Edw Corporate\"},\"image\":{\"@id\":\"https:\/\/edwcorporate.fr\/#\/schema\/logo\/image\/\"}}]}<\/script>\n<!-- \/ Yoast SEO plugin. -->","yoast_head_json":{"title":"Cr\u00e9ation de contenu visuel &amp; Identit\u00e9 de marque - Edw Corporate","description":"Chez Edw Corporate, nous vous accompagnons dans la cr\u00e9ation compl\u00e8te de votre identit\u00e9 visuelle et de vos supports de communication, en coh\u00e9rence avec vos ambitions business.","robots":{"index":"index","follow":"follow","max-snippet":"max-snippet:-1","max-image-preview":"max-image-preview:large","max-video-preview":"max-video-preview:-1"},"canonical":"https:\/\/edwcorporate.fr\/en\/services\/creation-de-contenu-visuel-amp-identite-de-marque\/","og_locale":"en_US","og_type":"article","og_title":"Cr\u00e9ation de contenu visuel &amp; Identit\u00e9 de marque - Edw Corporate","og_description":"Chez Edw Corporate, nous vous accompagnons dans la cr\u00e9ation compl\u00e8te de votre identit\u00e9 visuelle et de vos supports de communication, en coh\u00e9rence avec vos ambitions business.","og_url":"https:\/\/edwcorporate.fr\/en\/services\/creation-de-contenu-visuel-amp-identite-de-marque\/","og_site_name":"Edw Corporate","article_modified_time":"2025-05-07T21:51:49+00:00","twitter_card":"summary_large_image","twitter_misc":{"Est. reading time":"1 minute"},"schema":{"@context":"https:\/\/schema.org","@graph":[{"@type":"WebPage","@id":"https:\/\/edwcorporate.fr\/services\/creation-de-contenu-visuel-amp-identite-de-marque\/","url":"https:\/\/edwcorporate.fr\/services\/creation-de-contenu-visuel-amp-identite-de-marque\/","name":"Cr\u00e9ation de contenu visuel &amp; Identit\u00e9 de marque - Edw Corporate","isPartOf":{"@id":"https:\/\/edwcorporate.fr\/#website"},"datePublished":"2025-05-07T21:50:44+00:00","dateModified":"2025-05-07T21:51:49+00:00","description":"Chez Edw Corporate, nous vous accompagnons dans la cr\u00e9ation compl\u00e8te de votre identit\u00e9 visuelle et de vos supports de communication, en coh\u00e9rence avec vos ambitions business.","breadcrumb":{"@id":"https:\/\/edwcorporate.fr\/services\/creation-de-contenu-visuel-amp-identite-de-marque\/#breadcrumb"},"inLanguage":"en-US","potentialAction":[{"@type":"ReadAction","target":["https:\/\/edwcorporate.fr\/services\/creation-de-contenu-visuel-amp-identite-de-marque\/"]}]},{"@type":"BreadcrumbList","@id":"https:\/\/edwcorporate.fr\/services\/creation-de-contenu-visuel-amp-identite-de-marque\/#breadcrumb","itemListElement":[{"@type":"ListItem","position":1,"name":"Accueil","item":"https:\/\/edwcorporate.fr\/"},{"@type":"ListItem","position":2,"name":"Services","item":"https:\/\/edwcorporate.fr\/services\/"},{"@type":"ListItem","position":3,"name":"Cr\u00e9ation de contenu visuel &amp; Identit\u00e9 de marque"}]},{"@type":"WebSite","@id":"https:\/\/edwcorporate.fr\/#website","url":"https:\/\/edwcorporate.fr\/","name":"Edw Corporate","description":"Accompagnement strat\u00e9gique pour des r\u00e9sultats durables","publisher":{"@id":"https:\/\/edwcorporate.fr\/#organization"},"potentialAction":[{"@type":"SearchAction","target":{"@type":"EntryPoint","urlTemplate":"https:\/\/edwcorporate.fr\/?s={search_term_string}"},"query-input":"required name=search_term_string"}],"inLanguage":"en-US"},{"@type":"Organization","@id":"https:\/\/edwcorporate.fr\/#organization","name":"Edw Corporate","url":"https:\/\/edwcorporate.fr\/","logo":{"@type":"ImageObject","inLanguage":"en-US","@id":"https:\/\/edwcorporate.fr\/#\/schema\/logo\/image\/","url":"https:\/\/edwcorporate.fr\/wp-content\/uploads\/2023\/05\/logo.png","contentUrl":"https:\/\/edwcorporate.fr\/wp-content\/uploads\/2023\/05\/logo.png","width":1010,"height":206,"caption":"Edw Corporate"},"image":{"@id":"https:\/\/edwcorporate.fr\/#\/schema\/logo\/image\/"}}]}},"_links":{"self":[{"href":"https:\/\/edwcorporate.fr\/en\/wp-json\/wp\/v2\/pages\/988340","targetHints":{"allow":["GET"]}}],"collection":[{"href":"https:\/\/edwcorporate.fr\/en\/wp-json\/wp\/v2\/pages"}],"about":[{"href":"https:\/\/edwcorporate.fr\/en\/wp-json\/wp\/v2\/types\/page"}],"author":[{"embeddable":true,"href":"https:\/\/edwcorporate.fr\/en\/wp-json\/wp\/v2\/users\/1"}],"replies":[{"embeddable":true,"href":"https:\/\/edwcorporate.fr\/en\/wp-json\/wp\/v2\/comments?post=988340"}],"version-history":[{"count":13,"href":"https:\/\/edwcorporate.fr\/en\/wp-json\/wp\/v2\/pages\/988340\/revisions"}],"predecessor-version":[{"id":988353,"href":"https:\/\/edwcorporate.fr\/en\/wp-json\/wp\/v2\/pages\/988340\/revisions\/988353"}],"up":[{"embeddable":true,"href":"https:\/\/edwcorporate.fr\/en\/wp-json\/wp\/v2\/pages\/84"}],"wp:attachment":[{"href":"https:\/\/edwcorporate.fr\/en\/wp-json\/wp\/v2\/media?parent=988340"}],"curies":[{"name":"wp","href":"https:\/\/api.w.org\/{rel}","templated":true}]}}