{"id":988268,"date":"2025-05-05T00:38:54","date_gmt":"2025-05-04T22:38:54","guid":{"rendered":"https:\/\/edwcorporate.fr\/?page_id=988268"},"modified":"2025-05-06T00:32:18","modified_gmt":"2025-05-05T22:32:18","slug":"crypto-et-blockchain","status":"publish","type":"page","link":"https:\/\/edwcorporate.fr\/en\/services\/crypto-et-blockchain\/","title":{"rendered":"Crypto &amp; Blockchain"},"content":{"rendered":"<div data-elementor-type=\"wp-page\" data-elementor-id=\"988268\" class=\"elementor elementor-988268\" data-elementor-post-type=\"page\">\n\t\t\t\t\t\t<section class=\"elementor-section elementor-top-section elementor-element elementor-element-e8b0fda elementor-section-boxed elementor-section-height-default elementor-section-height-default\" data-id=\"e8b0fda\" data-element_type=\"section\">\n\t\t\t\t\t\t<div class=\"elementor-container elementor-column-gap-no\">\n\t\t\t\t\t<div class=\"elementor-column elementor-col-100 elementor-top-column elementor-element elementor-element-b123853\" data-id=\"b123853\" data-element_type=\"column\">\n\t\t\t<div class=\"elementor-widget-wrap elementor-element-populated\">\n\t\t\t\t\t\t<div class=\"elementor-element elementor-element-9bc7557 elementor-invisible elementor-widget elementor-widget-heading\" data-id=\"9bc7557\" data-element_type=\"widget\" data-settings=\"{&quot;_animation&quot;:&quot;fadeInDown&quot;,&quot;_animation_delay&quot;:100,&quot;_animation_tablet&quot;:&quot;none&quot;}\" data-widget_type=\"heading.default\">\n\t\t\t\t<div class=\"elementor-widget-container\">\n\t\t\t<style>\/*! elementor - v3.22.0 - 26-06-2024 *\/\n.elementor-heading-title{padding:0;margin:0;line-height:1}.elementor-widget-heading .elementor-heading-title[class*=elementor-size-]>a{color:inherit;font-size:inherit;line-height:inherit}.elementor-widget-heading .elementor-heading-title.elementor-size-small{font-size:15px}.elementor-widget-heading .elementor-heading-title.elementor-size-medium{font-size:19px}.elementor-widget-heading .elementor-heading-title.elementor-size-large{font-size:29px}.elementor-widget-heading .elementor-heading-title.elementor-size-xl{font-size:39px}.elementor-widget-heading .elementor-heading-title.elementor-size-xxl{font-size:59px}<\/style><h6 class=\"elementor-heading-title elementor-size-default\">Nos prestations Crypto & Blockchain<\/h6>\t\t<\/div>\n\t\t\t\t<\/div>\n\t\t\t\t\t<\/div>\n\t\t<\/div>\n\t\t\t\t\t<\/div>\n\t\t<\/section>\n\t\t\t\t<section class=\"elementor-section elementor-top-section elementor-element elementor-element-c142a7e elementor-section-boxed elementor-section-height-default elementor-section-height-default\" data-id=\"c142a7e\" data-element_type=\"section\">\n\t\t\t\t\t\t<div class=\"elementor-container elementor-column-gap-no\">\n\t\t\t\t\t<div class=\"elementor-column elementor-col-33 elementor-top-column elementor-element elementor-element-99fa823\" data-id=\"99fa823\" data-element_type=\"column\">\n\t\t\t<div class=\"elementor-widget-wrap elementor-element-populated\">\n\t\t\t\t\t\t<div class=\"elementor-element elementor-element-c91c5e8 elementor-view-stacked elementor-shape-circle elementor-widget elementor-widget-icon\" data-id=\"c91c5e8\" data-element_type=\"widget\" data-widget_type=\"icon.default\">\n\t\t\t\t<div class=\"elementor-widget-container\">\n\t\t\t\t\t<div class=\"elementor-icon-wrapper\">\n\t\t\t<div class=\"elementor-icon\">\n\t\t\t<i aria-hidden=\"true\" class=\"fas fa-book-open\"><\/i>\t\t\t<\/div>\n\t\t<\/div>\n\t\t\t\t<\/div>\n\t\t\t\t<\/div>\n\t\t\t\t<div class=\"elementor-element elementor-element-273ac30 elementor-widget elementor-widget-heading\" data-id=\"273ac30\" data-element_type=\"widget\" data-widget_type=\"heading.default\">\n\t\t\t\t<div class=\"elementor-widget-container\">\n\t\t\t<h5 class=\"elementor-heading-title elementor-size-default\">Formation & \u00c9ducation<\/h5>\t\t<\/div>\n\t\t\t\t<\/div>\n\t\t\t\t<div class=\"elementor-element elementor-element-a0eb0e3 elementor-widget elementor-widget-text-editor\" data-id=\"a0eb0e3\" data-element_type=\"widget\" data-widget_type=\"text-editor.default\">\n\t\t\t\t<div class=\"elementor-widget-container\">\n\t\t\t<style>\/*! elementor - v3.22.0 - 26-06-2024 *\/\n.elementor-widget-text-editor.elementor-drop-cap-view-stacked .elementor-drop-cap{background-color:#69727d;color:#fff}.elementor-widget-text-editor.elementor-drop-cap-view-framed .elementor-drop-cap{color:#69727d;border:3px solid;background-color:transparent}.elementor-widget-text-editor:not(.elementor-drop-cap-view-default) .elementor-drop-cap{margin-top:8px}.elementor-widget-text-editor:not(.elementor-drop-cap-view-default) .elementor-drop-cap-letter{width:1em;height:1em}.elementor-widget-text-editor .elementor-drop-cap{float:left;text-align:center;line-height:1;font-size:50px}.elementor-widget-text-editor .elementor-drop-cap-letter{display:inline-block}<\/style>\t\t\t\t<p>Comprenez les fondamentaux de la blockchain, ma\u00eetrisez les portefeuilles crypto (Metamask, Ledger\u2026), s\u00e9curisez vos actifs et anticipez les implications fiscales.<\/p>\t\t\t\t\t\t<\/div>\n\t\t\t\t<\/div>\n\t\t\t\t\t<\/div>\n\t\t<\/div>\n\t\t\t\t<div class=\"elementor-column elementor-col-33 elementor-top-column elementor-element elementor-element-f542db1\" data-id=\"f542db1\" data-element_type=\"column\">\n\t\t\t<div class=\"elementor-widget-wrap elementor-element-populated\">\n\t\t\t\t\t\t<div class=\"elementor-element elementor-element-4f32f67 elementor-view-stacked elementor-shape-circle elementor-widget elementor-widget-icon\" data-id=\"4f32f67\" data-element_type=\"widget\" data-widget_type=\"icon.default\">\n\t\t\t\t<div class=\"elementor-widget-container\">\n\t\t\t\t\t<div class=\"elementor-icon-wrapper\">\n\t\t\t<div class=\"elementor-icon\">\n\t\t\t<i aria-hidden=\"true\" class=\"fas fa-cog\"><\/i>\t\t\t<\/div>\n\t\t<\/div>\n\t\t\t\t<\/div>\n\t\t\t\t<\/div>\n\t\t\t\t<div class=\"elementor-element elementor-element-ce80049 elementor-widget elementor-widget-heading\" data-id=\"ce80049\" data-element_type=\"widget\" data-widget_type=\"heading.default\">\n\t\t\t\t<div class=\"elementor-widget-container\">\n\t\t\t<h5 class=\"elementor-heading-title elementor-size-default\">Strat\u00e9gie d\u2019investissement<\/h5>\t\t<\/div>\n\t\t\t\t<\/div>\n\t\t\t\t<div class=\"elementor-element elementor-element-be0fc07 elementor-widget elementor-widget-text-editor\" data-id=\"be0fc07\" data-element_type=\"widget\" data-widget_type=\"text-editor.default\">\n\t\t\t\t<div class=\"elementor-widget-container\">\n\t\t\t\t\t\t\t<p>\u00a0Construisez un portefeuille personnalis\u00e9, identifiez les projets \u00e0 fort potentiel, et b\u00e9n\u00e9ficiez d\u2019un accompagnement personnalis\u00e9 \u00e0 l\u2019achat et \u00e0 la vente.<\/p>\t\t\t\t\t\t<\/div>\n\t\t\t\t<\/div>\n\t\t\t\t\t<\/div>\n\t\t<\/div>\n\t\t\t\t<div class=\"elementor-column elementor-col-33 elementor-top-column elementor-element elementor-element-243ccd7\" data-id=\"243ccd7\" data-element_type=\"column\">\n\t\t\t<div class=\"elementor-widget-wrap elementor-element-populated\">\n\t\t\t\t\t\t<div class=\"elementor-element elementor-element-af1f7c2 elementor-view-stacked elementor-shape-circle elementor-widget elementor-widget-icon\" data-id=\"af1f7c2\" data-element_type=\"widget\" data-widget_type=\"icon.default\">\n\t\t\t\t<div class=\"elementor-widget-container\">\n\t\t\t\t\t<div class=\"elementor-icon-wrapper\">\n\t\t\t<div class=\"elementor-icon\">\n\t\t\t<i aria-hidden=\"true\" class=\"fas fa-lock\"><\/i>\t\t\t<\/div>\n\t\t<\/div>\n\t\t\t\t<\/div>\n\t\t\t\t<\/div>\n\t\t\t\t<div class=\"elementor-element elementor-element-43ece81 elementor-widget elementor-widget-heading\" data-id=\"43ece81\" data-element_type=\"widget\" data-widget_type=\"heading.default\">\n\t\t\t\t<div class=\"elementor-widget-container\">\n\t\t\t<h5 class=\"elementor-heading-title elementor-size-default\">S\u00e9curit\u00e9 &amp; Conformit\u00e9<\/h5>\t\t<\/div>\n\t\t\t\t<\/div>\n\t\t\t\t<div class=\"elementor-element elementor-element-88fd1cc elementor-widget elementor-widget-text-editor\" data-id=\"88fd1cc\" data-element_type=\"widget\" data-widget_type=\"text-editor.default\">\n\t\t\t\t<div class=\"elementor-widget-container\">\n\t\t\t\t\t\t\t<p>Prot\u00e9gez vos actifs gr\u00e2ce \u00e0 des solutions de s\u00e9curit\u00e9 avanc\u00e9es (2FA, cold storage, audits) et restez en r\u00e8gle avec un accompagnement fiscal et r\u00e9glementaire sur mesure.<\/p>\t\t\t\t\t\t<\/div>\n\t\t\t\t<\/div>\n\t\t\t\t\t<\/div>\n\t\t<\/div>\n\t\t\t\t\t<\/div>\n\t\t<\/section>\n\t\t\t\t<section class=\"elementor-section elementor-top-section elementor-element elementor-element-e6addcb elementor-section-boxed elementor-section-height-default elementor-section-height-default\" data-id=\"e6addcb\" data-element_type=\"section\">\n\t\t\t\t\t\t<div class=\"elementor-container elementor-column-gap-no\">\n\t\t\t\t\t<div class=\"elementor-column elementor-col-33 elementor-top-column elementor-element elementor-element-c86c25e\" data-id=\"c86c25e\" data-element_type=\"column\">\n\t\t\t<div class=\"elementor-widget-wrap elementor-element-populated\">\n\t\t\t\t\t\t<div class=\"elementor-element elementor-element-1a2f51e elementor-view-stacked elementor-shape-circle elementor-widget elementor-widget-icon\" data-id=\"1a2f51e\" data-element_type=\"widget\" data-widget_type=\"icon.default\">\n\t\t\t\t<div class=\"elementor-widget-container\">\n\t\t\t\t\t<div class=\"elementor-icon-wrapper\">\n\t\t\t<div class=\"elementor-icon\">\n\t\t\t<i aria-hidden=\"true\" class=\"fab fa-connectdevelop\"><\/i>\t\t\t<\/div>\n\t\t<\/div>\n\t\t\t\t<\/div>\n\t\t\t\t<\/div>\n\t\t\t\t<div class=\"elementor-element elementor-element-4208e3e elementor-widget elementor-widget-heading\" data-id=\"4208e3e\" data-element_type=\"widget\" data-widget_type=\"heading.default\">\n\t\t\t\t<div class=\"elementor-widget-container\">\n\t\t\t<h5 class=\"elementor-heading-title elementor-size-default\">Lancement de projets Web3\n<\/h5>\t\t<\/div>\n\t\t\t\t<\/div>\n\t\t\t\t<div class=\"elementor-element elementor-element-2e5e2e3 elementor-widget elementor-widget-text-editor\" data-id=\"2e5e2e3\" data-element_type=\"widget\" data-widget_type=\"text-editor.default\">\n\t\t\t\t<div class=\"elementor-widget-container\">\n\t\t\t\t\t\t\t<p>De la cr\u00e9ation de tokens \u00e0 la mise en ligne de Smart Contracts ou de collections NFT, nous vous accompagnons dans toutes les \u00e9tapes techniques et strat\u00e9giques de vos projets blockchain.<\/p>\t\t\t\t\t\t<\/div>\n\t\t\t\t<\/div>\n\t\t\t\t\t<\/div>\n\t\t<\/div>\n\t\t\t\t<div class=\"elementor-column elementor-col-33 elementor-top-column elementor-element elementor-element-f3533be\" data-id=\"f3533be\" data-element_type=\"column\">\n\t\t\t<div class=\"elementor-widget-wrap elementor-element-populated\">\n\t\t\t\t\t\t<div class=\"elementor-element elementor-element-9e8e565 elementor-view-stacked elementor-shape-circle elementor-widget elementor-widget-icon\" data-id=\"9e8e565\" data-element_type=\"widget\" data-widget_type=\"icon.default\">\n\t\t\t\t<div class=\"elementor-widget-container\">\n\t\t\t\t\t<div class=\"elementor-icon-wrapper\">\n\t\t\t<div class=\"elementor-icon\">\n\t\t\t<i aria-hidden=\"true\" class=\"fas fa-wifi\"><\/i>\t\t\t<\/div>\n\t\t<\/div>\n\t\t\t\t<\/div>\n\t\t\t\t<\/div>\n\t\t\t\t<div class=\"elementor-element elementor-element-b2a5a23 elementor-widget elementor-widget-heading\" data-id=\"b2a5a23\" data-element_type=\"widget\" data-widget_type=\"heading.default\">\n\t\t\t\t<div class=\"elementor-widget-container\">\n\t\t\t<h5 class=\"elementor-heading-title elementor-size-default\">Accompagnement Premium & Business<\/h5>\t\t<\/div>\n\t\t\t\t<\/div>\n\t\t\t\t<div class=\"elementor-element elementor-element-be692cc elementor-widget elementor-widget-text-editor\" data-id=\"be692cc\" data-element_type=\"widget\" data-widget_type=\"text-editor.default\">\n\t\t\t\t<div class=\"elementor-widget-container\">\n\t\t\t\t\t\t\t<p>Coaching priv\u00e9, suivi strat\u00e9gique, acc\u00e8s \u00e0 un r\u00e9seau d\u2019experts, et construction de revenus passifs via la DeFi, le staking ou les DAO. Un accompagnement sur mesure pour faire de la crypto un levier de croissance concret.<\/p>\t\t\t\t\t\t<\/div>\n\t\t\t\t<\/div>\n\t\t\t\t\t<\/div>\n\t\t<\/div>\n\t\t\t\t<div class=\"elementor-column elementor-col-33 elementor-top-column elementor-element elementor-element-6f794cf elementor-hidden-desktop elementor-hidden-tablet elementor-hidden-mobile\" data-id=\"6f794cf\" data-element_type=\"column\">\n\t\t\t<div class=\"elementor-widget-wrap elementor-element-populated\">\n\t\t\t\t\t\t<div class=\"elementor-element elementor-element-6c12550 elementor-view-stacked elementor-shape-circle elementor-widget elementor-widget-icon\" data-id=\"6c12550\" data-element_type=\"widget\" data-widget_type=\"icon.default\">\n\t\t\t\t<div class=\"elementor-widget-container\">\n\t\t\t\t\t<div class=\"elementor-icon-wrapper\">\n\t\t\t<div class=\"elementor-icon\">\n\t\t\t<i aria-hidden=\"true\" class=\"fas fa-database\"><\/i>\t\t\t<\/div>\n\t\t<\/div>\n\t\t\t\t<\/div>\n\t\t\t\t<\/div>\n\t\t\t\t<div class=\"elementor-element elementor-element-78d73df elementor-widget elementor-widget-heading\" data-id=\"78d73df\" data-element_type=\"widget\" data-widget_type=\"heading.default\">\n\t\t\t\t<div class=\"elementor-widget-container\">\n\t\t\t<h5 class=\"elementor-heading-title elementor-size-default\">S\u00e9curit\u00e9 &amp; Conformit\u00e9<\/h5>\t\t<\/div>\n\t\t\t\t<\/div>\n\t\t\t\t<div class=\"elementor-element elementor-element-9ac6e43 elementor-widget elementor-widget-text-editor\" data-id=\"9ac6e43\" data-element_type=\"widget\" data-widget_type=\"text-editor.default\">\n\t\t\t\t<div class=\"elementor-widget-container\">\n\t\t\t\t\t\t\t<p>Prot\u00e9gez vos actifs gr\u00e2ce \u00e0 des solutions de s\u00e9curit\u00e9 avanc\u00e9es (2FA, cold storage, audits) et restez en r\u00e8gle avec un accompagnement fiscal et r\u00e9glementaire sur mesure.<\/p>\t\t\t\t\t\t<\/div>\n\t\t\t\t<\/div>\n\t\t\t\t\t<\/div>\n\t\t<\/div>\n\t\t\t\t\t<\/div>\n\t\t<\/section>\n\t\t\t\t<\/div>","protected":false},"excerpt":{"rendered":"<p>Chez Edw Corporate, nous vous aidons \u00e0 naviguer dans l\u2019univers complexe des cryptomonnaies avec une approche s\u00e9curis\u00e9e, rentable et conforme. Que vous soyez investisseur, entrepreneur ou porteur de projet, notre accompagnement vous permet d&rsquo;exploiter les opportunit\u00e9s du Web3 tout en ma\u00eetrisant les risques.<\/p>","protected":false},"author":1,"featured_media":988277,"parent":84,"menu_order":0,"comment_status":"closed","ping_status":"closed","template":"","meta":{"footnotes":""},"class_list":["post-988268","page","type-page","status-publish","has-post-thumbnail","hentry"],"yoast_head":"<!-- This site is optimized with the Yoast SEO plugin v23.0 - https:\/\/yoast.com\/wordpress\/plugins\/seo\/ -->\n<title>Crypto &amp; Blockchain - Edw Corporate<\/title>\n<meta name=\"description\" content=\"Chez EDW Corporate, nous vous aidons \u00e0 naviguer dans l\u2019univers complexe des cryptomonnaies avec une approche s\u00e9curis\u00e9e, rentable et conforme. Que vous soyez investisseur, entrepreneur ou porteur de projet, notre accompagnement vous permet d&#039;exploiter les opportunit\u00e9s du Web3 tout en ma\u00eetrisant les risques.\" \/>\n<meta name=\"robots\" content=\"index, follow, max-snippet:-1, max-image-preview:large, max-video-preview:-1\" \/>\n<link rel=\"canonical\" href=\"https:\/\/edwcorporate.fr\/en\/services\/crypto-et-blockchain\/\" \/>\n<meta property=\"og:locale\" content=\"en_US\" \/>\n<meta property=\"og:type\" content=\"article\" \/>\n<meta property=\"og:title\" content=\"Crypto &amp; Blockchain - Edw Corporate\" \/>\n<meta property=\"og:description\" content=\"Chez EDW Corporate, nous vous aidons \u00e0 naviguer dans l\u2019univers complexe des cryptomonnaies avec une approche s\u00e9curis\u00e9e, rentable et conforme. Que vous soyez investisseur, entrepreneur ou porteur de projet, notre accompagnement vous permet d&#039;exploiter les opportunit\u00e9s du Web3 tout en ma\u00eetrisant les risques.\" \/>\n<meta property=\"og:url\" content=\"https:\/\/edwcorporate.fr\/en\/services\/crypto-et-blockchain\/\" \/>\n<meta property=\"og:site_name\" content=\"Edw Corporate\" \/>\n<meta property=\"article:modified_time\" content=\"2025-05-05T22:32:18+00:00\" \/>\n<meta property=\"og:image\" content=\"https:\/\/edwcorporate.fr\/wp-content\/uploads\/2025\/05\/WhatsApp-Image-2025-05-04-at-20.34.30.jpeg\" \/>\n\t<meta property=\"og:image:width\" content=\"1024\" \/>\n\t<meta property=\"og:image:height\" content=\"1024\" \/>\n\t<meta property=\"og:image:type\" content=\"image\/jpeg\" \/>\n<meta name=\"twitter:card\" content=\"summary_large_image\" \/>\n<meta name=\"twitter:label1\" content=\"Est. reading time\" \/>\n\t<meta name=\"twitter:data1\" content=\"2 minutes\" \/>\n<script type=\"application\/ld+json\" class=\"yoast-schema-graph\">{\"@context\":\"https:\/\/schema.org\",\"@graph\":[{\"@type\":\"WebPage\",\"@id\":\"https:\/\/edwcorporate.fr\/services\/crypto-et-blockchain\/\",\"url\":\"https:\/\/edwcorporate.fr\/services\/crypto-et-blockchain\/\",\"name\":\"Crypto &amp; Blockchain - Edw Corporate\",\"isPartOf\":{\"@id\":\"https:\/\/edwcorporate.fr\/#website\"},\"primaryImageOfPage\":{\"@id\":\"https:\/\/edwcorporate.fr\/services\/crypto-et-blockchain\/#primaryimage\"},\"image\":{\"@id\":\"https:\/\/edwcorporate.fr\/services\/crypto-et-blockchain\/#primaryimage\"},\"thumbnailUrl\":\"https:\/\/edwcorporate.fr\/wp-content\/uploads\/2025\/05\/WhatsApp-Image-2025-05-04-at-20.34.30.jpeg\",\"datePublished\":\"2025-05-04T22:38:54+00:00\",\"dateModified\":\"2025-05-05T22:32:18+00:00\",\"description\":\"Chez EDW Corporate, nous vous aidons \u00e0 naviguer dans l\u2019univers complexe des cryptomonnaies avec une approche s\u00e9curis\u00e9e, rentable et conforme. Que vous soyez investisseur, entrepreneur ou porteur de projet, notre accompagnement vous permet d'exploiter les opportunit\u00e9s du Web3 tout en ma\u00eetrisant les risques.\",\"breadcrumb\":{\"@id\":\"https:\/\/edwcorporate.fr\/services\/crypto-et-blockchain\/#breadcrumb\"},\"inLanguage\":\"en-US\",\"potentialAction\":[{\"@type\":\"ReadAction\",\"target\":[\"https:\/\/edwcorporate.fr\/services\/crypto-et-blockchain\/\"]}]},{\"@type\":\"ImageObject\",\"inLanguage\":\"en-US\",\"@id\":\"https:\/\/edwcorporate.fr\/services\/crypto-et-blockchain\/#primaryimage\",\"url\":\"https:\/\/edwcorporate.fr\/wp-content\/uploads\/2025\/05\/WhatsApp-Image-2025-05-04-at-20.34.30.jpeg\",\"contentUrl\":\"https:\/\/edwcorporate.fr\/wp-content\/uploads\/2025\/05\/WhatsApp-Image-2025-05-04-at-20.34.30.jpeg\",\"width\":1024,\"height\":1024},{\"@type\":\"BreadcrumbList\",\"@id\":\"https:\/\/edwcorporate.fr\/services\/crypto-et-blockchain\/#breadcrumb\",\"itemListElement\":[{\"@type\":\"ListItem\",\"position\":1,\"name\":\"Accueil\",\"item\":\"https:\/\/edwcorporate.fr\/\"},{\"@type\":\"ListItem\",\"position\":2,\"name\":\"Services\",\"item\":\"https:\/\/edwcorporate.fr\/services\/\"},{\"@type\":\"ListItem\",\"position\":3,\"name\":\"Crypto &amp; Blockchain\"}]},{\"@type\":\"WebSite\",\"@id\":\"https:\/\/edwcorporate.fr\/#website\",\"url\":\"https:\/\/edwcorporate.fr\/\",\"name\":\"Edw Corporate\",\"description\":\"Accompagnement strat\u00e9gique pour des r\u00e9sultats durables\",\"publisher\":{\"@id\":\"https:\/\/edwcorporate.fr\/#organization\"},\"potentialAction\":[{\"@type\":\"SearchAction\",\"target\":{\"@type\":\"EntryPoint\",\"urlTemplate\":\"https:\/\/edwcorporate.fr\/?s={search_term_string}\"},\"query-input\":\"required name=search_term_string\"}],\"inLanguage\":\"en-US\"},{\"@type\":\"Organization\",\"@id\":\"https:\/\/edwcorporate.fr\/#organization\",\"name\":\"Edw Corporate\",\"url\":\"https:\/\/edwcorporate.fr\/\",\"logo\":{\"@type\":\"ImageObject\",\"inLanguage\":\"en-US\",\"@id\":\"https:\/\/edwcorporate.fr\/#\/schema\/logo\/image\/\",\"url\":\"https:\/\/edwcorporate.fr\/wp-content\/uploads\/2023\/05\/logo.png\",\"contentUrl\":\"https:\/\/edwcorporate.fr\/wp-content\/uploads\/2023\/05\/logo.png\",\"width\":1010,\"height\":206,\"caption\":\"Edw Corporate\"},\"image\":{\"@id\":\"https:\/\/edwcorporate.fr\/#\/schema\/logo\/image\/\"}}]}<\/script>\n<!-- \/ Yoast SEO plugin. -->","yoast_head_json":{"title":"Crypto &amp; Blockchain - Edw Corporate","description":"Chez EDW Corporate, nous vous aidons \u00e0 naviguer dans l\u2019univers complexe des cryptomonnaies avec une approche s\u00e9curis\u00e9e, rentable et conforme. Que vous soyez investisseur, entrepreneur ou porteur de projet, notre accompagnement vous permet d'exploiter les opportunit\u00e9s du Web3 tout en ma\u00eetrisant les risques.","robots":{"index":"index","follow":"follow","max-snippet":"max-snippet:-1","max-image-preview":"max-image-preview:large","max-video-preview":"max-video-preview:-1"},"canonical":"https:\/\/edwcorporate.fr\/en\/services\/crypto-et-blockchain\/","og_locale":"en_US","og_type":"article","og_title":"Crypto &amp; Blockchain - Edw Corporate","og_description":"Chez EDW Corporate, nous vous aidons \u00e0 naviguer dans l\u2019univers complexe des cryptomonnaies avec une approche s\u00e9curis\u00e9e, rentable et conforme. Que vous soyez investisseur, entrepreneur ou porteur de projet, notre accompagnement vous permet d'exploiter les opportunit\u00e9s du Web3 tout en ma\u00eetrisant les risques.","og_url":"https:\/\/edwcorporate.fr\/en\/services\/crypto-et-blockchain\/","og_site_name":"Edw Corporate","article_modified_time":"2025-05-05T22:32:18+00:00","og_image":[{"width":1024,"height":1024,"url":"https:\/\/edwcorporate.fr\/wp-content\/uploads\/2025\/05\/WhatsApp-Image-2025-05-04-at-20.34.30.jpeg","type":"image\/jpeg"}],"twitter_card":"summary_large_image","twitter_misc":{"Est. reading time":"2 minutes"},"schema":{"@context":"https:\/\/schema.org","@graph":[{"@type":"WebPage","@id":"https:\/\/edwcorporate.fr\/services\/crypto-et-blockchain\/","url":"https:\/\/edwcorporate.fr\/services\/crypto-et-blockchain\/","name":"Crypto &amp; Blockchain - Edw Corporate","isPartOf":{"@id":"https:\/\/edwcorporate.fr\/#website"},"primaryImageOfPage":{"@id":"https:\/\/edwcorporate.fr\/services\/crypto-et-blockchain\/#primaryimage"},"image":{"@id":"https:\/\/edwcorporate.fr\/services\/crypto-et-blockchain\/#primaryimage"},"thumbnailUrl":"https:\/\/edwcorporate.fr\/wp-content\/uploads\/2025\/05\/WhatsApp-Image-2025-05-04-at-20.34.30.jpeg","datePublished":"2025-05-04T22:38:54+00:00","dateModified":"2025-05-05T22:32:18+00:00","description":"Chez EDW Corporate, nous vous aidons \u00e0 naviguer dans l\u2019univers complexe des cryptomonnaies avec une approche s\u00e9curis\u00e9e, rentable et conforme. Que vous soyez investisseur, entrepreneur ou porteur de projet, notre accompagnement vous permet d'exploiter les opportunit\u00e9s du Web3 tout en ma\u00eetrisant les risques.","breadcrumb":{"@id":"https:\/\/edwcorporate.fr\/services\/crypto-et-blockchain\/#breadcrumb"},"inLanguage":"en-US","potentialAction":[{"@type":"ReadAction","target":["https:\/\/edwcorporate.fr\/services\/crypto-et-blockchain\/"]}]},{"@type":"ImageObject","inLanguage":"en-US","@id":"https:\/\/edwcorporate.fr\/services\/crypto-et-blockchain\/#primaryimage","url":"https:\/\/edwcorporate.fr\/wp-content\/uploads\/2025\/05\/WhatsApp-Image-2025-05-04-at-20.34.30.jpeg","contentUrl":"https:\/\/edwcorporate.fr\/wp-content\/uploads\/2025\/05\/WhatsApp-Image-2025-05-04-at-20.34.30.jpeg","width":1024,"height":1024},{"@type":"BreadcrumbList","@id":"https:\/\/edwcorporate.fr\/services\/crypto-et-blockchain\/#breadcrumb","itemListElement":[{"@type":"ListItem","position":1,"name":"Accueil","item":"https:\/\/edwcorporate.fr\/"},{"@type":"ListItem","position":2,"name":"Services","item":"https:\/\/edwcorporate.fr\/services\/"},{"@type":"ListItem","position":3,"name":"Crypto &amp; Blockchain"}]},{"@type":"WebSite","@id":"https:\/\/edwcorporate.fr\/#website","url":"https:\/\/edwcorporate.fr\/","name":"Edw Corporate","description":"Accompagnement strat\u00e9gique pour des r\u00e9sultats durables","publisher":{"@id":"https:\/\/edwcorporate.fr\/#organization"},"potentialAction":[{"@type":"SearchAction","target":{"@type":"EntryPoint","urlTemplate":"https:\/\/edwcorporate.fr\/?s={search_term_string}"},"query-input":"required name=search_term_string"}],"inLanguage":"en-US"},{"@type":"Organization","@id":"https:\/\/edwcorporate.fr\/#organization","name":"Edw Corporate","url":"https:\/\/edwcorporate.fr\/","logo":{"@type":"ImageObject","inLanguage":"en-US","@id":"https:\/\/edwcorporate.fr\/#\/schema\/logo\/image\/","url":"https:\/\/edwcorporate.fr\/wp-content\/uploads\/2023\/05\/logo.png","contentUrl":"https:\/\/edwcorporate.fr\/wp-content\/uploads\/2023\/05\/logo.png","width":1010,"height":206,"caption":"Edw Corporate"},"image":{"@id":"https:\/\/edwcorporate.fr\/#\/schema\/logo\/image\/"}}]}},"_links":{"self":[{"href":"https:\/\/edwcorporate.fr\/en\/wp-json\/wp\/v2\/pages\/988268","targetHints":{"allow":["GET"]}}],"collection":[{"href":"https:\/\/edwcorporate.fr\/en\/wp-json\/wp\/v2\/pages"}],"about":[{"href":"https:\/\/edwcorporate.fr\/en\/wp-json\/wp\/v2\/types\/page"}],"author":[{"embeddable":true,"href":"https:\/\/edwcorporate.fr\/en\/wp-json\/wp\/v2\/users\/1"}],"replies":[{"embeddable":true,"href":"https:\/\/edwcorporate.fr\/en\/wp-json\/wp\/v2\/comments?post=988268"}],"version-history":[{"count":12,"href":"https:\/\/edwcorporate.fr\/en\/wp-json\/wp\/v2\/pages\/988268\/revisions"}],"predecessor-version":[{"id":988331,"href":"https:\/\/edwcorporate.fr\/en\/wp-json\/wp\/v2\/pages\/988268\/revisions\/988331"}],"up":[{"embeddable":true,"href":"https:\/\/edwcorporate.fr\/en\/wp-json\/wp\/v2\/pages\/84"}],"wp:featuredmedia":[{"embeddable":true,"href":"https:\/\/edwcorporate.fr\/en\/wp-json\/wp\/v2\/media\/988277"}],"wp:attachment":[{"href":"https:\/\/edwcorporate.fr\/en\/wp-json\/wp\/v2\/media?parent=988268"}],"curies":[{"name":"wp","href":"https:\/\/api.w.org\/{rel}","templated":true}]}}