{"id":988227,"date":"2025-04-27T23:47:53","date_gmt":"2025-04-27T21:47:53","guid":{"rendered":"https:\/\/edwcorporate.fr\/?page_id=988227"},"modified":"2025-04-30T23:49:20","modified_gmt":"2025-04-30T21:49:20","slug":"visa-et-documents-officiels","status":"publish","type":"page","link":"https:\/\/edwcorporate.fr\/en\/services\/visa-et-documents-officiels\/","title":{"rendered":"Visa et Documents Officiels"},"content":{"rendered":"<div data-elementor-type=\"wp-page\" data-elementor-id=\"988227\" class=\"elementor elementor-988227\" data-elementor-post-type=\"page\">\n\t\t\t\t\t\t<section class=\"elementor-section elementor-top-section elementor-element elementor-element-b3a03fb elementor-section-height-min-height elementor-section-content-middle elementor-section-boxed elementor-section-height-default elementor-section-items-middle\" data-id=\"b3a03fb\" data-element_type=\"section\">\n\t\t\t\t\t\t<div class=\"elementor-container elementor-column-gap-no\">\n\t\t\t\t\t<div class=\"elementor-column elementor-col-33 elementor-top-column elementor-element elementor-element-7edb490\" data-id=\"7edb490\" data-element_type=\"column\">\n\t\t\t<div class=\"elementor-widget-wrap elementor-element-populated\">\n\t\t\t\t\t\t<div class=\"elementor-element elementor-element-edfbf3e elementor-widget elementor-widget-text-editor\" data-id=\"edfbf3e\" data-element_type=\"widget\" data-widget_type=\"text-editor.default\">\n\t\t\t\t<div class=\"elementor-widget-container\">\n\t\t\t<style>\/*! elementor - v3.22.0 - 26-06-2024 *\/\n.elementor-widget-text-editor.elementor-drop-cap-view-stacked .elementor-drop-cap{background-color:#69727d;color:#fff}.elementor-widget-text-editor.elementor-drop-cap-view-framed .elementor-drop-cap{color:#69727d;border:3px solid;background-color:transparent}.elementor-widget-text-editor:not(.elementor-drop-cap-view-default) .elementor-drop-cap{margin-top:8px}.elementor-widget-text-editor:not(.elementor-drop-cap-view-default) .elementor-drop-cap-letter{width:1em;height:1em}.elementor-widget-text-editor .elementor-drop-cap{float:left;text-align:center;line-height:1;font-size:50px}.elementor-widget-text-editor .elementor-drop-cap-letter{display:inline-block}<\/style>\t\t\t\t<p>Nos experts vous assistent dans la constitution de vos dossiers (visa, titre de s\u00e9jour, naturalisation, passeport, etc.) et prennent en charge toutes les \u00e9tapes pour vous garantir un suivi personnalis\u00e9 et sans stress. Nous proposons \u00e9galement la l\u00e9galisation, l\u2019apostille de documents, ainsi que des traductions asserment\u00e9es pour vos besoins internationaux.<\/p><p>Que vous soyez particulier, professionnel ou investisseur \u00e9tranger, nous mettons tout en \u0153uvre pour simplifier vos d\u00e9marches et vous faire gagner un temps pr\u00e9cieux.<\/p>\t\t\t\t\t\t<\/div>\n\t\t\t\t<\/div>\n\t\t\t\t\t<\/div>\n\t\t<\/div>\n\t\t\t\t<div class=\"elementor-column elementor-col-33 elementor-top-column elementor-element elementor-element-2c39cd5 elementor-hidden-tablet elementor-hidden-mobile\" data-id=\"2c39cd5\" data-element_type=\"column\">\n\t\t\t<div class=\"elementor-widget-wrap\">\n\t\t\t\t\t\t\t<\/div>\n\t\t<\/div>\n\t\t\t\t<div class=\"elementor-column elementor-col-33 elementor-top-column elementor-element elementor-element-38a199c\" data-id=\"38a199c\" data-element_type=\"column\">\n\t\t\t<div class=\"elementor-widget-wrap elementor-element-populated\">\n\t\t\t\t\t\t<div class=\"elementor-element elementor-element-e02d4a2 elementor-widget elementor-widget-heading\" data-id=\"e02d4a2\" data-element_type=\"widget\" data-widget_type=\"heading.default\">\n\t\t\t\t<div class=\"elementor-widget-container\">\n\t\t\t<style>\/*! elementor - v3.22.0 - 26-06-2024 *\/\n.elementor-heading-title{padding:0;margin:0;line-height:1}.elementor-widget-heading .elementor-heading-title[class*=elementor-size-]>a{color:inherit;font-size:inherit;line-height:inherit}.elementor-widget-heading .elementor-heading-title.elementor-size-small{font-size:15px}.elementor-widget-heading .elementor-heading-title.elementor-size-medium{font-size:19px}.elementor-widget-heading .elementor-heading-title.elementor-size-large{font-size:29px}.elementor-widget-heading .elementor-heading-title.elementor-size-xl{font-size:39px}.elementor-widget-heading .elementor-heading-title.elementor-size-xxl{font-size:59px}<\/style><h3 class=\"elementor-heading-title elementor-size-default\">Nos services incluent<\/h3>\t\t<\/div>\n\t\t\t\t<\/div>\n\t\t\t\t<div class=\"elementor-element elementor-element-82d9a9b elementor-icon-list--layout-traditional elementor-list-item-link-full_width elementor-widget elementor-widget-icon-list\" data-id=\"82d9a9b\" data-element_type=\"widget\" data-widget_type=\"icon-list.default\">\n\t\t\t\t<div class=\"elementor-widget-container\">\n\t\t\t<link rel=\"stylesheet\" href=\"https:\/\/edwcorporate.fr\/wp-content\/plugins\/elementor\/assets\/css\/widget-icon-list.min.css\">\t\t<ul class=\"elementor-icon-list-items\">\n\t\t\t\t\t\t\t<li class=\"elementor-icon-list-item\">\n\t\t\t\t\t\t\t\t\t\t\t<span class=\"elementor-icon-list-icon\">\n\t\t\t\t\t\t\t<i aria-hidden=\"true\" class=\"vamtamtheme- vamtam-theme-check\"><\/i>\t\t\t\t\t\t<\/span>\n\t\t\t\t\t\t\t\t\t\t<span class=\"elementor-icon-list-text\">Demandes et renouvellements de visa (touristique, \u00e9tudiant, professionnel, business)<\/span>\n\t\t\t\t\t\t\t\t\t<\/li>\n\t\t\t\t\t\t\t\t<li class=\"elementor-icon-list-item\">\n\t\t\t\t\t\t\t\t\t\t\t<span class=\"elementor-icon-list-icon\">\n\t\t\t\t\t\t\t<i aria-hidden=\"true\" class=\"vamtamtheme- vamtam-theme-check\"><\/i>\t\t\t\t\t\t<\/span>\n\t\t\t\t\t\t\t\t\t\t<span class=\"elementor-icon-list-text\">Titre de s\u00e9jour et r\u00e9gularisation<\/span>\n\t\t\t\t\t\t\t\t\t<\/li>\n\t\t\t\t\t\t\t\t<li class=\"elementor-icon-list-item\">\n\t\t\t\t\t\t\t\t\t\t\t<span class=\"elementor-icon-list-icon\">\n\t\t\t\t\t\t\t<i aria-hidden=\"true\" class=\"vamtamtheme- vamtam-theme-check\"><\/i>\t\t\t\t\t\t<\/span>\n\t\t\t\t\t\t\t\t\t\t<span class=\"elementor-icon-list-text\">Dossiers de naturalisation<\/span>\n\t\t\t\t\t\t\t\t\t<\/li>\n\t\t\t\t\t\t\t\t<li class=\"elementor-icon-list-item\">\n\t\t\t\t\t\t\t\t\t\t\t<span class=\"elementor-icon-list-icon\">\n\t\t\t\t\t\t\t<i aria-hidden=\"true\" class=\"vamtamtheme- vamtam-theme-check\"><\/i>\t\t\t\t\t\t<\/span>\n\t\t\t\t\t\t\t\t\t\t<span class=\"elementor-icon-list-text\">Passeport, documents d\u2019\u00e9tat civil, certificats officiels<\/span>\n\t\t\t\t\t\t\t\t\t<\/li>\n\t\t\t\t\t\t\t\t<li class=\"elementor-icon-list-item\">\n\t\t\t\t\t\t\t\t\t\t\t<span class=\"elementor-icon-list-icon\">\n\t\t\t\t\t\t\t<i aria-hidden=\"true\" class=\"vamtamtheme- vamtam-theme-check\"><\/i>\t\t\t\t\t\t<\/span>\n\t\t\t\t\t\t\t\t\t\t<span class=\"elementor-icon-list-text\">Traductions asserment\u00e9es, l\u00e9galisation et apostille<\/span>\n\t\t\t\t\t\t\t\t\t<\/li>\n\t\t\t\t\t\t\t\t<li class=\"elementor-icon-list-item\">\n\t\t\t\t\t\t\t\t\t\t\t<span class=\"elementor-icon-list-icon\">\n\t\t\t\t\t\t\t<i aria-hidden=\"true\" class=\"vamtamtheme- vamtam-theme-check\"><\/i>\t\t\t\t\t\t<\/span>\n\t\t\t\t\t\t\t\t\t\t<span class=\"elementor-icon-list-text\">Assistance pour expatri\u00e9s et d\u00e9marches internationales<\/span>\n\t\t\t\t\t\t\t\t\t<\/li>\n\t\t\t\t\t\t<\/ul>\n\t\t\t\t<\/div>\n\t\t\t\t<\/div>\n\t\t\t\t<div class=\"elementor-element elementor-element-95073d0 elementor-widget elementor-widget-text-editor\" data-id=\"95073d0\" data-element_type=\"widget\" data-widget_type=\"text-editor.default\">\n\t\t\t\t<div class=\"elementor-widget-container\">\n\t\t\t\t\t\t\t<p>Optez pour une prise en charge compl\u00e8te, en toute confidentialit\u00e9, avec Edwards Corporate.<\/p>\t\t\t\t\t\t<\/div>\n\t\t\t\t<\/div>\n\t\t\t\t\t<\/div>\n\t\t<\/div>\n\t\t\t\t\t<\/div>\n\t\t<\/section>\n\t\t\t\t<section class=\"elementor-section elementor-top-section elementor-element elementor-element-bafa8c2 elementor-section-boxed elementor-section-height-default elementor-section-height-default\" data-id=\"bafa8c2\" data-element_type=\"section\">\n\t\t\t\t\t\t<div class=\"elementor-container elementor-column-gap-no\">\n\t\t\t\t\t<div class=\"elementor-column elementor-col-100 elementor-top-column elementor-element elementor-element-48be6e5\" data-id=\"48be6e5\" data-element_type=\"column\">\n\t\t\t<div class=\"elementor-widget-wrap elementor-element-populated\">\n\t\t\t\t\t\t<div class=\"elementor-element elementor-element-e8399ec elementor-invisible elementor-widget elementor-widget-heading\" data-id=\"e8399ec\" data-element_type=\"widget\" data-settings=\"{&quot;_animation&quot;:&quot;fadeInDown&quot;,&quot;_animation_delay&quot;:100,&quot;_animation_tablet&quot;:&quot;none&quot;}\" data-widget_type=\"heading.default\">\n\t\t\t\t<div class=\"elementor-widget-container\">\n\t\t\t<h6 class=\"elementor-heading-title elementor-size-default\">Liste des services administratifs : Visa & Documents Officiels<\/h6>\t\t<\/div>\n\t\t\t\t<\/div>\n\t\t\t\t<div class=\"elementor-element elementor-element-e037b17 elementor-widget elementor-widget-text-editor\" data-id=\"e037b17\" data-element_type=\"widget\" data-widget_type=\"text-editor.default\">\n\t\t\t\t<div class=\"elementor-widget-container\">\n\t\t\t\t\t\t\t<div><ol><li>Demande de visa touristique, \u00e9tudiant, professionnel<\/li><li>Renouvellement de visa<\/li><li>Demande de titre de s\u00e9jour<\/li><li>Dossier de naturalisation<\/li><li>L\u00e9galisation et apostille de documents<\/li><li>Traduction asserment\u00e9e<\/li><li>Certificat d\u2019h\u00e9bergement<\/li><li>Attestation de travail \/ de logement<\/li><li>Ouverture de compte bancaire \u00e9tranger<\/li><li>Assistance pour obtention de passeport<\/li><li>Assistance pour documents d\u2019\u00e9tat civil (acte de naissance, mariage, d\u00e9c\u00e8s)<\/li><li>Inscription au consulat<\/li><li>Demande de permis international<\/li><li>Assistance administrative pour expatri\u00e9s et investisseurs \u00e9trangers<\/li><li>Demande de visa business \/ entrepreneur<\/li><li>Constitution de dossier administratif pour s\u00e9jour longue dur\u00e9e<\/li><li>Assistance \u00e0 la r\u00e9gularisation administrative<\/li><li>Mise en relation avec avocats sp\u00e9cialis\u00e9s en droit des \u00e9trangers<\/li><\/ol><\/div>\t\t\t\t\t\t<\/div>\n\t\t\t\t<\/div>\n\t\t\t\t\t<\/div>\n\t\t<\/div>\n\t\t\t\t\t<\/div>\n\t\t<\/section>\n\t\t\t\t<\/div>","protected":false},"excerpt":{"rendered":"<p>Vous souhaitez voyager, \u00e9tudier, investir ou vous installer \u00e0 l\u2019\u00e9tranger ? Edwards Corporate vous accompagne dans toutes vos d\u00e9marches administratives, en vous offrant un service sur-mesure, rapide et s\u00e9curis\u00e9 pour l\u2019obtention de vos documents officiels.<\/p>","protected":false},"author":1,"featured_media":988248,"parent":84,"menu_order":0,"comment_status":"closed","ping_status":"closed","template":"","meta":{"footnotes":""},"class_list":["post-988227","page","type-page","status-publish","has-post-thumbnail","hentry"],"yoast_head":"<!-- This site is optimized with the Yoast SEO plugin v23.0 - https:\/\/yoast.com\/wordpress\/plugins\/seo\/ -->\n<title>Visa et Documents Officiels - Edw Corporate<\/title>\n<meta name=\"description\" content=\"Edwards Corporate vous accompagne dans toutes vos d\u00e9marches administratives, en vous offrant un service sur-mesure, rapide et s\u00e9curis\u00e9 pour l\u2019obtention de vos documents officiels.\" \/>\n<meta name=\"robots\" content=\"index, follow, max-snippet:-1, max-image-preview:large, max-video-preview:-1\" \/>\n<link rel=\"canonical\" href=\"https:\/\/edwcorporate.fr\/en\/services\/visa-et-documents-officiels\/\" \/>\n<meta property=\"og:locale\" content=\"en_US\" \/>\n<meta property=\"og:type\" content=\"article\" \/>\n<meta property=\"og:title\" content=\"Visa et Documents Officiels - Edw Corporate\" \/>\n<meta property=\"og:description\" content=\"Edwards Corporate vous accompagne dans toutes vos d\u00e9marches administratives, en vous offrant un service sur-mesure, rapide et s\u00e9curis\u00e9 pour l\u2019obtention de vos documents officiels.\" \/>\n<meta property=\"og:url\" content=\"https:\/\/edwcorporate.fr\/en\/services\/visa-et-documents-officiels\/\" \/>\n<meta property=\"og:site_name\" content=\"Edw Corporate\" \/>\n<meta property=\"article:modified_time\" content=\"2025-04-30T21:49:20+00:00\" \/>\n<meta property=\"og:image\" content=\"https:\/\/edwcorporate.fr\/wp-content\/uploads\/2025\/04\/WhatsApp-Image-2025-04-29-at-00.50.40.jpeg\" \/>\n\t<meta property=\"og:image:width\" content=\"521\" \/>\n\t<meta property=\"og:image:height\" content=\"522\" \/>\n\t<meta property=\"og:image:type\" content=\"image\/jpeg\" \/>\n<meta name=\"twitter:card\" content=\"summary_large_image\" \/>\n<meta name=\"twitter:label1\" content=\"Est. reading time\" \/>\n\t<meta name=\"twitter:data1\" content=\"2 minutes\" \/>\n<script type=\"application\/ld+json\" class=\"yoast-schema-graph\">{\"@context\":\"https:\/\/schema.org\",\"@graph\":[{\"@type\":\"WebPage\",\"@id\":\"https:\/\/edwcorporate.fr\/services\/visa-et-documents-officiels\/\",\"url\":\"https:\/\/edwcorporate.fr\/services\/visa-et-documents-officiels\/\",\"name\":\"Visa et Documents Officiels - Edw Corporate\",\"isPartOf\":{\"@id\":\"https:\/\/edwcorporate.fr\/#website\"},\"primaryImageOfPage\":{\"@id\":\"https:\/\/edwcorporate.fr\/services\/visa-et-documents-officiels\/#primaryimage\"},\"image\":{\"@id\":\"https:\/\/edwcorporate.fr\/services\/visa-et-documents-officiels\/#primaryimage\"},\"thumbnailUrl\":\"https:\/\/edwcorporate.fr\/wp-content\/uploads\/2025\/04\/WhatsApp-Image-2025-04-29-at-00.50.40.jpeg\",\"datePublished\":\"2025-04-27T21:47:53+00:00\",\"dateModified\":\"2025-04-30T21:49:20+00:00\",\"description\":\"Edwards Corporate vous accompagne dans toutes vos d\u00e9marches administratives, en vous offrant un service sur-mesure, rapide et s\u00e9curis\u00e9 pour l\u2019obtention de vos documents officiels.\",\"breadcrumb\":{\"@id\":\"https:\/\/edwcorporate.fr\/services\/visa-et-documents-officiels\/#breadcrumb\"},\"inLanguage\":\"en-US\",\"potentialAction\":[{\"@type\":\"ReadAction\",\"target\":[\"https:\/\/edwcorporate.fr\/services\/visa-et-documents-officiels\/\"]}]},{\"@type\":\"ImageObject\",\"inLanguage\":\"en-US\",\"@id\":\"https:\/\/edwcorporate.fr\/services\/visa-et-documents-officiels\/#primaryimage\",\"url\":\"https:\/\/edwcorporate.fr\/wp-content\/uploads\/2025\/04\/WhatsApp-Image-2025-04-29-at-00.50.40.jpeg\",\"contentUrl\":\"https:\/\/edwcorporate.fr\/wp-content\/uploads\/2025\/04\/WhatsApp-Image-2025-04-29-at-00.50.40.jpeg\",\"width\":521,\"height\":522},{\"@type\":\"BreadcrumbList\",\"@id\":\"https:\/\/edwcorporate.fr\/services\/visa-et-documents-officiels\/#breadcrumb\",\"itemListElement\":[{\"@type\":\"ListItem\",\"position\":1,\"name\":\"Accueil\",\"item\":\"https:\/\/edwcorporate.fr\/\"},{\"@type\":\"ListItem\",\"position\":2,\"name\":\"Services\",\"item\":\"https:\/\/edwcorporate.fr\/services\/\"},{\"@type\":\"ListItem\",\"position\":3,\"name\":\"Visa et Documents Officiels\"}]},{\"@type\":\"WebSite\",\"@id\":\"https:\/\/edwcorporate.fr\/#website\",\"url\":\"https:\/\/edwcorporate.fr\/\",\"name\":\"Edw Corporate\",\"description\":\"Accompagnement strat\u00e9gique pour des r\u00e9sultats durables\",\"publisher\":{\"@id\":\"https:\/\/edwcorporate.fr\/#organization\"},\"potentialAction\":[{\"@type\":\"SearchAction\",\"target\":{\"@type\":\"EntryPoint\",\"urlTemplate\":\"https:\/\/edwcorporate.fr\/?s={search_term_string}\"},\"query-input\":\"required name=search_term_string\"}],\"inLanguage\":\"en-US\"},{\"@type\":\"Organization\",\"@id\":\"https:\/\/edwcorporate.fr\/#organization\",\"name\":\"Edw Corporate\",\"url\":\"https:\/\/edwcorporate.fr\/\",\"logo\":{\"@type\":\"ImageObject\",\"inLanguage\":\"en-US\",\"@id\":\"https:\/\/edwcorporate.fr\/#\/schema\/logo\/image\/\",\"url\":\"https:\/\/edwcorporate.fr\/wp-content\/uploads\/2023\/05\/logo.png\",\"contentUrl\":\"https:\/\/edwcorporate.fr\/wp-content\/uploads\/2023\/05\/logo.png\",\"width\":1010,\"height\":206,\"caption\":\"Edw Corporate\"},\"image\":{\"@id\":\"https:\/\/edwcorporate.fr\/#\/schema\/logo\/image\/\"}}]}<\/script>\n<!-- \/ Yoast SEO plugin. -->","yoast_head_json":{"title":"Visa et Documents Officiels - Edw Corporate","description":"Edwards Corporate vous accompagne dans toutes vos d\u00e9marches administratives, en vous offrant un service sur-mesure, rapide et s\u00e9curis\u00e9 pour l\u2019obtention de vos documents officiels.","robots":{"index":"index","follow":"follow","max-snippet":"max-snippet:-1","max-image-preview":"max-image-preview:large","max-video-preview":"max-video-preview:-1"},"canonical":"https:\/\/edwcorporate.fr\/en\/services\/visa-et-documents-officiels\/","og_locale":"en_US","og_type":"article","og_title":"Visa et Documents Officiels - Edw Corporate","og_description":"Edwards Corporate vous accompagne dans toutes vos d\u00e9marches administratives, en vous offrant un service sur-mesure, rapide et s\u00e9curis\u00e9 pour l\u2019obtention de vos documents officiels.","og_url":"https:\/\/edwcorporate.fr\/en\/services\/visa-et-documents-officiels\/","og_site_name":"Edw Corporate","article_modified_time":"2025-04-30T21:49:20+00:00","og_image":[{"width":521,"height":522,"url":"https:\/\/edwcorporate.fr\/wp-content\/uploads\/2025\/04\/WhatsApp-Image-2025-04-29-at-00.50.40.jpeg","type":"image\/jpeg"}],"twitter_card":"summary_large_image","twitter_misc":{"Est. reading time":"2 minutes"},"schema":{"@context":"https:\/\/schema.org","@graph":[{"@type":"WebPage","@id":"https:\/\/edwcorporate.fr\/services\/visa-et-documents-officiels\/","url":"https:\/\/edwcorporate.fr\/services\/visa-et-documents-officiels\/","name":"Visa et Documents Officiels - Edw Corporate","isPartOf":{"@id":"https:\/\/edwcorporate.fr\/#website"},"primaryImageOfPage":{"@id":"https:\/\/edwcorporate.fr\/services\/visa-et-documents-officiels\/#primaryimage"},"image":{"@id":"https:\/\/edwcorporate.fr\/services\/visa-et-documents-officiels\/#primaryimage"},"thumbnailUrl":"https:\/\/edwcorporate.fr\/wp-content\/uploads\/2025\/04\/WhatsApp-Image-2025-04-29-at-00.50.40.jpeg","datePublished":"2025-04-27T21:47:53+00:00","dateModified":"2025-04-30T21:49:20+00:00","description":"Edwards Corporate vous accompagne dans toutes vos d\u00e9marches administratives, en vous offrant un service sur-mesure, rapide et s\u00e9curis\u00e9 pour l\u2019obtention de vos documents officiels.","breadcrumb":{"@id":"https:\/\/edwcorporate.fr\/services\/visa-et-documents-officiels\/#breadcrumb"},"inLanguage":"en-US","potentialAction":[{"@type":"ReadAction","target":["https:\/\/edwcorporate.fr\/services\/visa-et-documents-officiels\/"]}]},{"@type":"ImageObject","inLanguage":"en-US","@id":"https:\/\/edwcorporate.fr\/services\/visa-et-documents-officiels\/#primaryimage","url":"https:\/\/edwcorporate.fr\/wp-content\/uploads\/2025\/04\/WhatsApp-Image-2025-04-29-at-00.50.40.jpeg","contentUrl":"https:\/\/edwcorporate.fr\/wp-content\/uploads\/2025\/04\/WhatsApp-Image-2025-04-29-at-00.50.40.jpeg","width":521,"height":522},{"@type":"BreadcrumbList","@id":"https:\/\/edwcorporate.fr\/services\/visa-et-documents-officiels\/#breadcrumb","itemListElement":[{"@type":"ListItem","position":1,"name":"Accueil","item":"https:\/\/edwcorporate.fr\/"},{"@type":"ListItem","position":2,"name":"Services","item":"https:\/\/edwcorporate.fr\/services\/"},{"@type":"ListItem","position":3,"name":"Visa et Documents Officiels"}]},{"@type":"WebSite","@id":"https:\/\/edwcorporate.fr\/#website","url":"https:\/\/edwcorporate.fr\/","name":"Edw Corporate","description":"Accompagnement strat\u00e9gique pour des r\u00e9sultats durables","publisher":{"@id":"https:\/\/edwcorporate.fr\/#organization"},"potentialAction":[{"@type":"SearchAction","target":{"@type":"EntryPoint","urlTemplate":"https:\/\/edwcorporate.fr\/?s={search_term_string}"},"query-input":"required name=search_term_string"}],"inLanguage":"en-US"},{"@type":"Organization","@id":"https:\/\/edwcorporate.fr\/#organization","name":"Edw Corporate","url":"https:\/\/edwcorporate.fr\/","logo":{"@type":"ImageObject","inLanguage":"en-US","@id":"https:\/\/edwcorporate.fr\/#\/schema\/logo\/image\/","url":"https:\/\/edwcorporate.fr\/wp-content\/uploads\/2023\/05\/logo.png","contentUrl":"https:\/\/edwcorporate.fr\/wp-content\/uploads\/2023\/05\/logo.png","width":1010,"height":206,"caption":"Edw Corporate"},"image":{"@id":"https:\/\/edwcorporate.fr\/#\/schema\/logo\/image\/"}}]}},"_links":{"self":[{"href":"https:\/\/edwcorporate.fr\/en\/wp-json\/wp\/v2\/pages\/988227","targetHints":{"allow":["GET"]}}],"collection":[{"href":"https:\/\/edwcorporate.fr\/en\/wp-json\/wp\/v2\/pages"}],"about":[{"href":"https:\/\/edwcorporate.fr\/en\/wp-json\/wp\/v2\/types\/page"}],"author":[{"embeddable":true,"href":"https:\/\/edwcorporate.fr\/en\/wp-json\/wp\/v2\/users\/1"}],"replies":[{"embeddable":true,"href":"https:\/\/edwcorporate.fr\/en\/wp-json\/wp\/v2\/comments?post=988227"}],"version-history":[{"count":10,"href":"https:\/\/edwcorporate.fr\/en\/wp-json\/wp\/v2\/pages\/988227\/revisions"}],"predecessor-version":[{"id":988237,"href":"https:\/\/edwcorporate.fr\/en\/wp-json\/wp\/v2\/pages\/988227\/revisions\/988237"}],"up":[{"embeddable":true,"href":"https:\/\/edwcorporate.fr\/en\/wp-json\/wp\/v2\/pages\/84"}],"wp:featuredmedia":[{"embeddable":true,"href":"https:\/\/edwcorporate.fr\/en\/wp-json\/wp\/v2\/media\/988248"}],"wp:attachment":[{"href":"https:\/\/edwcorporate.fr\/en\/wp-json\/wp\/v2\/media?parent=988227"}],"curies":[{"name":"wp","href":"https:\/\/api.w.org\/{rel}","templated":true}]}}