{"id":988210,"date":"2025-04-26T01:51:55","date_gmt":"2025-04-25T23:51:55","guid":{"rendered":"https:\/\/edwcorporate.fr\/?page_id=988210"},"modified":"2025-04-26T01:52:08","modified_gmt":"2025-04-25T23:52:08","slug":"tarifs-et-formules-daccompagnement","status":"publish","type":"page","link":"https:\/\/edwcorporate.fr\/en\/tarifs-et-formules-daccompagnement\/","title":{"rendered":"Tarifs et Formules d\u2019Accompagnement"},"content":{"rendered":"<div data-elementor-type=\"wp-page\" data-elementor-id=\"988210\" class=\"elementor elementor-988210\" data-elementor-post-type=\"page\">\n\t\t\t\t\t\t<section class=\"elementor-section elementor-top-section elementor-element elementor-element-a8339b7 elementor-section-boxed elementor-section-height-default elementor-section-height-default\" data-id=\"a8339b7\" data-element_type=\"section\">\n\t\t\t\t\t\t<div class=\"elementor-container elementor-column-gap-no\">\n\t\t\t\t\t<div class=\"elementor-column elementor-col-50 elementor-top-column elementor-element elementor-element-7c483fa\" data-id=\"7c483fa\" data-element_type=\"column\">\n\t\t\t<div class=\"elementor-widget-wrap elementor-element-populated\">\n\t\t\t\t\t\t<div class=\"elementor-element elementor-element-114b04c elementor-widget elementor-widget-heading\" data-id=\"114b04c\" data-element_type=\"widget\" data-widget_type=\"heading.default\">\n\t\t\t\t<div class=\"elementor-widget-container\">\n\t\t\t<style>\/*! elementor - v3.22.0 - 26-06-2024 *\/\n.elementor-heading-title{padding:0;margin:0;line-height:1}.elementor-widget-heading .elementor-heading-title[class*=elementor-size-]>a{color:inherit;font-size:inherit;line-height:inherit}.elementor-widget-heading .elementor-heading-title.elementor-size-small{font-size:15px}.elementor-widget-heading .elementor-heading-title.elementor-size-medium{font-size:19px}.elementor-widget-heading .elementor-heading-title.elementor-size-large{font-size:29px}.elementor-widget-heading .elementor-heading-title.elementor-size-xl{font-size:39px}.elementor-widget-heading .elementor-heading-title.elementor-size-xxl{font-size:59px}<\/style><h2 class=\"elementor-heading-title elementor-size-default\">Des accompagnements personnalis\u00e9s, adapt\u00e9s \u00e0 vos objectifs et \u00e0 votre niveau d\u2019avancement.<\/h2>\t\t<\/div>\n\t\t\t\t<\/div>\n\t\t\t\t\t<\/div>\n\t\t<\/div>\n\t\t\t\t<div class=\"elementor-column elementor-col-50 elementor-top-column elementor-element elementor-element-bc73c77\" data-id=\"bc73c77\" data-element_type=\"column\">\n\t\t\t<div class=\"elementor-widget-wrap elementor-element-populated\">\n\t\t\t\t\t\t<div class=\"elementor-element elementor-element-460e078 elementor-widget elementor-widget-text-editor\" data-id=\"460e078\" data-element_type=\"widget\" data-widget_type=\"text-editor.default\">\n\t\t\t\t<div class=\"elementor-widget-container\">\n\t\t\t<style>\/*! elementor - v3.22.0 - 26-06-2024 *\/\n.elementor-widget-text-editor.elementor-drop-cap-view-stacked .elementor-drop-cap{background-color:#69727d;color:#fff}.elementor-widget-text-editor.elementor-drop-cap-view-framed .elementor-drop-cap{color:#69727d;border:3px solid;background-color:transparent}.elementor-widget-text-editor:not(.elementor-drop-cap-view-default) .elementor-drop-cap{margin-top:8px}.elementor-widget-text-editor:not(.elementor-drop-cap-view-default) .elementor-drop-cap-letter{width:1em;height:1em}.elementor-widget-text-editor .elementor-drop-cap{float:left;text-align:center;line-height:1;font-size:50px}.elementor-widget-text-editor .elementor-drop-cap-letter{display:inline-block}<\/style>\t\t\t\t<p>Chez Edw Corporate, chaque parcours est unique. C\u2019est pourquoi nous proposons exclusivement des accompagnements personnalis\u00e9s et sur-mesure, en fonction de votre profil, de vos besoins sp\u00e9cifiques et de vos ambitions.<br \/>Que vous soyez en phase de lancement, en pleine croissance ou en recherche de structuration strat\u00e9gique, nous co-construisons ensemble une solution adapt\u00e9e \u00e0 votre r\u00e9alit\u00e9.<\/p>\t\t\t\t\t\t<\/div>\n\t\t\t\t<\/div>\n\t\t\t\t<div class=\"vamtam-has-theme-widget-styles elementor-element elementor-element-45ce8d4 vamtam-has-underline-anim elementor-widget elementor-widget-button\" data-id=\"45ce8d4\" data-element_type=\"widget\" data-widget_type=\"button.default\">\n\t\t\t\t<div class=\"elementor-widget-container\">\n\t\t\t\t\t<div class=\"elementor-button-wrapper\">\n\t\t\t<a class=\"elementor-button elementor-button-link elementor-size-sm\" href=\"https:\/\/edwcorporate.fr\/en\/a-propos\/\">\n\t\t\t\t\t\t<span class=\"elementor-button-content-wrapper\">\n\t\t\t\t\t\t\t\t\t<span class=\"elementor-button-text\">Discover<\/span>\n\t\t\t\t\t<\/span>\n\t\t\t\t\t<\/a>\n\t\t<\/div>\n\t\t\t\t<\/div>\n\t\t\t\t<\/div>\n\t\t\t\t\t<\/div>\n\t\t<\/div>\n\t\t\t\t\t<\/div>\n\t\t<\/section>\n\t\t\t\t<section class=\"elementor-section elementor-top-section elementor-element elementor-element-c0a21c3 elementor-section-boxed elementor-section-height-default elementor-section-height-default\" data-id=\"c0a21c3\" data-element_type=\"section\">\n\t\t\t\t\t\t<div class=\"elementor-container elementor-column-gap-no\">\n\t\t\t\t\t<div class=\"elementor-column elementor-col-100 elementor-top-column elementor-element elementor-element-1426471\" data-id=\"1426471\" data-element_type=\"column\">\n\t\t\t<div class=\"elementor-widget-wrap elementor-element-populated\">\n\t\t\t\t\t\t<div class=\"elementor-element elementor-element-659a23c elementor-widget elementor-widget-heading\" data-id=\"659a23c\" data-element_type=\"widget\" data-widget_type=\"heading.default\">\n\t\t\t\t<div class=\"elementor-widget-container\">\n\t\t\t<h6 class=\"elementor-heading-title elementor-size-default\">Nos formules d\u2019accompagnement sur-mesure peuvent inclure :<\/h6>\t\t<\/div>\n\t\t\t\t<\/div>\n\t\t\t\t<div class=\"elementor-element elementor-element-48b3eb3 elementor-widget__width-initial elementor-icon-list--layout-traditional elementor-list-item-link-full_width elementor-widget elementor-widget-icon-list\" data-id=\"48b3eb3\" data-element_type=\"widget\" data-widget_type=\"icon-list.default\">\n\t\t\t\t<div class=\"elementor-widget-container\">\n\t\t\t<link rel=\"stylesheet\" href=\"https:\/\/edwcorporate.fr\/wp-content\/plugins\/elementor\/assets\/css\/widget-icon-list.min.css\">\t\t<ul class=\"elementor-icon-list-items\">\n\t\t\t\t\t\t\t<li class=\"elementor-icon-list-item\">\n\t\t\t\t\t\t\t\t\t\t\t<span class=\"elementor-icon-list-icon\">\n\t\t\t\t\t\t\t<i aria-hidden=\"true\" class=\"vamtamtheme- vamtam-theme-check\"><\/i>\t\t\t\t\t\t<\/span>\n\t\t\t\t\t\t\t\t\t\t<span class=\"elementor-icon-list-text\">Audit de votre situation actuelle (pro ou perso)<\/span>\n\t\t\t\t\t\t\t\t\t<\/li>\n\t\t\t\t\t\t\t\t<li class=\"elementor-icon-list-item\">\n\t\t\t\t\t\t\t\t\t\t\t<span class=\"elementor-icon-list-icon\">\n\t\t\t\t\t\t\t<i aria-hidden=\"true\" class=\"vamtamtheme- vamtam-theme-check\"><\/i>\t\t\t\t\t\t<\/span>\n\t\t\t\t\t\t\t\t\t\t<span class=\"elementor-icon-list-text\">\u00c9laboration de votre vision et de votre plan d\u2019action  <\/span>\n\t\t\t\t\t\t\t\t\t<\/li>\n\t\t\t\t\t\t\t\t<li class=\"elementor-icon-list-item\">\n\t\t\t\t\t\t\t\t\t\t\t<span class=\"elementor-icon-list-icon\">\n\t\t\t\t\t\t\t<i aria-hidden=\"true\" class=\"vamtamtheme- vamtam-theme-check\"><\/i>\t\t\t\t\t\t<\/span>\n\t\t\t\t\t\t\t\t\t\t<span class=\"elementor-icon-list-text\">Coaching \u00e0 l\u2019heure<\/span>\n\t\t\t\t\t\t\t\t\t<\/li>\n\t\t\t\t\t\t\t\t<li class=\"elementor-icon-list-item\">\n\t\t\t\t\t\t\t\t\t\t\t<span class=\"elementor-icon-list-icon\">\n\t\t\t\t\t\t\t<i aria-hidden=\"true\" class=\"vamtamtheme- vamtam-theme-check\"><\/i>\t\t\t\t\t\t<\/span>\n\t\t\t\t\t\t\t\t\t\t<span class=\"elementor-icon-list-text\">Coaching strat\u00e9gique personnalis\u00e9 (3 \u00e0 6 mois)<\/span>\n\t\t\t\t\t\t\t\t\t<\/li>\n\t\t\t\t\t\t\t\t<li class=\"elementor-icon-list-item\">\n\t\t\t\t\t\t\t\t\t\t\t<span class=\"elementor-icon-list-icon\">\n\t\t\t\t\t\t\t<i aria-hidden=\"true\" class=\"vamtamtheme- vamtam-theme-check\"><\/i>\t\t\t\t\t\t<\/span>\n\t\t\t\t\t\t\t\t\t\t<span class=\"elementor-icon-list-text\">Accompagnement mindset & d\u00e9veloppement personnel<\/span>\n\t\t\t\t\t\t\t\t\t<\/li>\n\t\t\t\t\t\t\t\t<li class=\"elementor-icon-list-item\">\n\t\t\t\t\t\t\t\t\t\t\t<span class=\"elementor-icon-list-icon\">\n\t\t\t\t\t\t\t<i aria-hidden=\"true\" class=\"vamtamtheme- vamtam-theme-check\"><\/i>\t\t\t\t\t\t<\/span>\n\t\t\t\t\t\t\t\t\t\t<span class=\"elementor-icon-list-text\">Optimisation de votre organisation et de votre discipline<\/span>\n\t\t\t\t\t\t\t\t\t<\/li>\n\t\t\t\t\t\t\t\t<li class=\"elementor-icon-list-item\">\n\t\t\t\t\t\t\t\t\t\t\t<span class=\"elementor-icon-list-icon\">\n\t\t\t\t\t\t\t<i aria-hidden=\"true\" class=\"vamtamtheme- vamtam-theme-check\"><\/i>\t\t\t\t\t\t<\/span>\n\t\t\t\t\t\t\t\t\t\t<span class=\"elementor-icon-list-text\">Structuration ou relance de votre activit\u00e9<\/span>\n\t\t\t\t\t\t\t\t\t<\/li>\n\t\t\t\t\t\t\t\t<li class=\"elementor-icon-list-item\">\n\t\t\t\t\t\t\t\t\t\t\t<span class=\"elementor-icon-list-icon\">\n\t\t\t\t\t\t\t<i aria-hidden=\"true\" class=\"vamtamtheme- vamtam-theme-check\"><\/i>\t\t\t\t\t\t<\/span>\n\t\t\t\t\t\t\t\t\t\t<span class=\"elementor-icon-list-text\">Acc\u00e8s \u00e0 des ressources, templates et outils exclusifs<\/span>\n\t\t\t\t\t\t\t\t\t<\/li>\n\t\t\t\t\t\t\t\t<li class=\"elementor-icon-list-item\">\n\t\t\t\t\t\t\t\t\t\t\t<span class=\"elementor-icon-list-icon\">\n\t\t\t\t\t\t\t<i aria-hidden=\"true\" class=\"vamtamtheme- vamtam-theme-check\"><\/i>\t\t\t\t\t\t<\/span>\n\t\t\t\t\t\t\t\t\t\t<span class=\"elementor-icon-list-text\">Suivi priv\u00e9 continu (WhatsApp, Telegram, visio)<\/span>\n\t\t\t\t\t\t\t\t\t<\/li>\n\t\t\t\t\t\t\t\t<li class=\"elementor-icon-list-item\">\n\t\t\t\t\t\t\t\t\t\t\t<span class=\"elementor-icon-list-icon\">\n\t\t\t\t\t\t\t<i aria-hidden=\"true\" class=\"vamtamtheme- vamtam-theme-check\"><\/i>\t\t\t\t\t\t<\/span>\n\t\t\t\t\t\t\t\t\t\t<span class=\"elementor-icon-list-text\">Mises en relation et opportunit\u00e9s business cibl\u00e9es<\/span>\n\t\t\t\t\t\t\t\t\t<\/li>\n\t\t\t\t\t\t\t\t<li class=\"elementor-icon-list-item\">\n\t\t\t\t\t\t\t\t\t\t\t<span class=\"elementor-icon-list-icon\">\n\t\t\t\t\t\t\t<i aria-hidden=\"true\" class=\"vamtamtheme- vamtam-theme-check\"><\/i>\t\t\t\t\t\t<\/span>\n\t\t\t\t\t\t\t\t\t\t<span class=\"elementor-icon-list-text\">Coaching intensif ou sessions strat\u00e9giques \u00e0 la demande<\/span>\n\t\t\t\t\t\t\t\t\t<\/li>\n\t\t\t\t\t\t<\/ul>\n\t\t\t\t<\/div>\n\t\t\t\t<\/div>\n\t\t\t\t<div class=\"elementor-element elementor-element-14a9520 elementor-widget elementor-widget-spacer\" data-id=\"14a9520\" data-element_type=\"widget\" data-widget_type=\"spacer.default\">\n\t\t\t\t<div class=\"elementor-widget-container\">\n\t\t\t<style>\/*! elementor - v3.22.0 - 26-06-2024 *\/\n.elementor-column .elementor-spacer-inner{height:var(--spacer-size)}.e-con{--container-widget-width:100%}.e-con-inner>.elementor-widget-spacer,.e-con>.elementor-widget-spacer{width:var(--container-widget-width,var(--spacer-size));--align-self:var(--container-widget-align-self,initial);--flex-shrink:0}.e-con-inner>.elementor-widget-spacer>.elementor-widget-container,.e-con>.elementor-widget-spacer>.elementor-widget-container{height:100%;width:100%}.e-con-inner>.elementor-widget-spacer>.elementor-widget-container>.elementor-spacer,.e-con>.elementor-widget-spacer>.elementor-widget-container>.elementor-spacer{height:100%}.e-con-inner>.elementor-widget-spacer>.elementor-widget-container>.elementor-spacer>.elementor-spacer-inner,.e-con>.elementor-widget-spacer>.elementor-widget-container>.elementor-spacer>.elementor-spacer-inner{height:var(--container-widget-height,var(--spacer-size))}.e-con-inner>.elementor-widget-spacer.elementor-widget-empty,.e-con>.elementor-widget-spacer.elementor-widget-empty{position:relative;min-height:22px;min-width:22px}.e-con-inner>.elementor-widget-spacer.elementor-widget-empty .elementor-widget-empty-icon,.e-con>.elementor-widget-spacer.elementor-widget-empty .elementor-widget-empty-icon{position:absolute;top:0;bottom:0;left:0;right:0;margin:auto;padding:0;width:22px;height:22px}<\/style>\t\t<div class=\"elementor-spacer\">\n\t\t\t<div class=\"elementor-spacer-inner\"><\/div>\n\t\t<\/div>\n\t\t\t\t<\/div>\n\t\t\t\t<\/div>\n\t\t\t\t<div class=\"elementor-element elementor-element-1f9fa2d elementor-widget elementor-widget-text-editor\" data-id=\"1f9fa2d\" data-element_type=\"widget\" data-widget_type=\"text-editor.default\">\n\t\t\t\t<div class=\"elementor-widget-container\">\n\t\t\t\t\t\t\t<p>Les tarifs sont d\u00e9finis sur devis, apr\u00e8s un appel strat\u00e9gique gratuit<br \/>Notre priorit\u00e9 : vous garantir un accompagnement <strong>rentable, align\u00e9 et orient\u00e9 r\u00e9sultats<\/strong>.<\/p>\t\t\t\t\t\t<\/div>\n\t\t\t\t<\/div>\n\t\t\t\t\t<\/div>\n\t\t<\/div>\n\t\t\t\t\t<\/div>\n\t\t<\/section>\n\t\t\t\t<\/div>","protected":false},"excerpt":{"rendered":"<p>Des accompagnements personnalis\u00e9s, adapt\u00e9s \u00e0 vos objectifs et \u00e0 votre niveau d\u2019avancement.<\/p>","protected":false},"author":1,"featured_media":0,"parent":0,"menu_order":0,"comment_status":"closed","ping_status":"closed","template":"","meta":{"footnotes":""},"class_list":["post-988210","page","type-page","status-publish","hentry"],"yoast_head":"<!-- This site is optimized with the Yoast SEO plugin v23.0 - https:\/\/yoast.com\/wordpress\/plugins\/seo\/ -->\n<title>Tarifs et Formules d\u2019Accompagnement - Edw Corporate<\/title>\n<meta name=\"description\" content=\"Des accompagnements personnalis\u00e9s, adapt\u00e9s \u00e0 vos objectifs et \u00e0 votre niveau d\u2019avancement.\" \/>\n<meta name=\"robots\" content=\"index, follow, max-snippet:-1, max-image-preview:large, max-video-preview:-1\" \/>\n<link rel=\"canonical\" href=\"https:\/\/edwcorporate.fr\/en\/tarifs-et-formules-daccompagnement\/\" \/>\n<meta property=\"og:locale\" content=\"en_US\" \/>\n<meta property=\"og:type\" content=\"article\" \/>\n<meta property=\"og:title\" content=\"Tarifs et Formules d\u2019Accompagnement - Edw Corporate\" \/>\n<meta property=\"og:description\" content=\"Des accompagnements personnalis\u00e9s, adapt\u00e9s \u00e0 vos objectifs et \u00e0 votre niveau d\u2019avancement.\" \/>\n<meta property=\"og:url\" content=\"https:\/\/edwcorporate.fr\/en\/tarifs-et-formules-daccompagnement\/\" \/>\n<meta property=\"og:site_name\" content=\"Edw Corporate\" \/>\n<meta property=\"article:modified_time\" content=\"2025-04-25T23:52:08+00:00\" \/>\n<meta name=\"twitter:card\" content=\"summary_large_image\" \/>\n<meta name=\"twitter:label1\" content=\"Est. reading time\" \/>\n\t<meta name=\"twitter:data1\" content=\"1 minute\" \/>\n<script type=\"application\/ld+json\" class=\"yoast-schema-graph\">{\"@context\":\"https:\/\/schema.org\",\"@graph\":[{\"@type\":\"WebPage\",\"@id\":\"https:\/\/edwcorporate.fr\/tarifs-et-formules-daccompagnement\/\",\"url\":\"https:\/\/edwcorporate.fr\/tarifs-et-formules-daccompagnement\/\",\"name\":\"Tarifs et Formules d\u2019Accompagnement - Edw Corporate\",\"isPartOf\":{\"@id\":\"https:\/\/edwcorporate.fr\/#website\"},\"datePublished\":\"2025-04-25T23:51:55+00:00\",\"dateModified\":\"2025-04-25T23:52:08+00:00\",\"description\":\"Des accompagnements personnalis\u00e9s, adapt\u00e9s \u00e0 vos objectifs et \u00e0 votre niveau d\u2019avancement.\",\"breadcrumb\":{\"@id\":\"https:\/\/edwcorporate.fr\/tarifs-et-formules-daccompagnement\/#breadcrumb\"},\"inLanguage\":\"en-US\",\"potentialAction\":[{\"@type\":\"ReadAction\",\"target\":[\"https:\/\/edwcorporate.fr\/tarifs-et-formules-daccompagnement\/\"]}]},{\"@type\":\"BreadcrumbList\",\"@id\":\"https:\/\/edwcorporate.fr\/tarifs-et-formules-daccompagnement\/#breadcrumb\",\"itemListElement\":[{\"@type\":\"ListItem\",\"position\":1,\"name\":\"Accueil\",\"item\":\"https:\/\/edwcorporate.fr\/\"},{\"@type\":\"ListItem\",\"position\":2,\"name\":\"Tarifs et Formules d\u2019Accompagnement\"}]},{\"@type\":\"WebSite\",\"@id\":\"https:\/\/edwcorporate.fr\/#website\",\"url\":\"https:\/\/edwcorporate.fr\/\",\"name\":\"Edw Corporate\",\"description\":\"Accompagnement strat\u00e9gique pour des r\u00e9sultats durables\",\"publisher\":{\"@id\":\"https:\/\/edwcorporate.fr\/#organization\"},\"potentialAction\":[{\"@type\":\"SearchAction\",\"target\":{\"@type\":\"EntryPoint\",\"urlTemplate\":\"https:\/\/edwcorporate.fr\/?s={search_term_string}\"},\"query-input\":\"required name=search_term_string\"}],\"inLanguage\":\"en-US\"},{\"@type\":\"Organization\",\"@id\":\"https:\/\/edwcorporate.fr\/#organization\",\"name\":\"Edw Corporate\",\"url\":\"https:\/\/edwcorporate.fr\/\",\"logo\":{\"@type\":\"ImageObject\",\"inLanguage\":\"en-US\",\"@id\":\"https:\/\/edwcorporate.fr\/#\/schema\/logo\/image\/\",\"url\":\"https:\/\/edwcorporate.fr\/wp-content\/uploads\/2023\/05\/logo.png\",\"contentUrl\":\"https:\/\/edwcorporate.fr\/wp-content\/uploads\/2023\/05\/logo.png\",\"width\":1010,\"height\":206,\"caption\":\"Edw Corporate\"},\"image\":{\"@id\":\"https:\/\/edwcorporate.fr\/#\/schema\/logo\/image\/\"}}]}<\/script>\n<!-- \/ Yoast SEO plugin. -->","yoast_head_json":{"title":"Tarifs et Formules d\u2019Accompagnement - Edw Corporate","description":"Des accompagnements personnalis\u00e9s, adapt\u00e9s \u00e0 vos objectifs et \u00e0 votre niveau d\u2019avancement.","robots":{"index":"index","follow":"follow","max-snippet":"max-snippet:-1","max-image-preview":"max-image-preview:large","max-video-preview":"max-video-preview:-1"},"canonical":"https:\/\/edwcorporate.fr\/en\/tarifs-et-formules-daccompagnement\/","og_locale":"en_US","og_type":"article","og_title":"Tarifs et Formules d\u2019Accompagnement - Edw Corporate","og_description":"Des accompagnements personnalis\u00e9s, adapt\u00e9s \u00e0 vos objectifs et \u00e0 votre niveau d\u2019avancement.","og_url":"https:\/\/edwcorporate.fr\/en\/tarifs-et-formules-daccompagnement\/","og_site_name":"Edw Corporate","article_modified_time":"2025-04-25T23:52:08+00:00","twitter_card":"summary_large_image","twitter_misc":{"Est. reading time":"1 minute"},"schema":{"@context":"https:\/\/schema.org","@graph":[{"@type":"WebPage","@id":"https:\/\/edwcorporate.fr\/tarifs-et-formules-daccompagnement\/","url":"https:\/\/edwcorporate.fr\/tarifs-et-formules-daccompagnement\/","name":"Tarifs et Formules d\u2019Accompagnement - Edw Corporate","isPartOf":{"@id":"https:\/\/edwcorporate.fr\/#website"},"datePublished":"2025-04-25T23:51:55+00:00","dateModified":"2025-04-25T23:52:08+00:00","description":"Des accompagnements personnalis\u00e9s, adapt\u00e9s \u00e0 vos objectifs et \u00e0 votre niveau d\u2019avancement.","breadcrumb":{"@id":"https:\/\/edwcorporate.fr\/tarifs-et-formules-daccompagnement\/#breadcrumb"},"inLanguage":"en-US","potentialAction":[{"@type":"ReadAction","target":["https:\/\/edwcorporate.fr\/tarifs-et-formules-daccompagnement\/"]}]},{"@type":"BreadcrumbList","@id":"https:\/\/edwcorporate.fr\/tarifs-et-formules-daccompagnement\/#breadcrumb","itemListElement":[{"@type":"ListItem","position":1,"name":"Accueil","item":"https:\/\/edwcorporate.fr\/"},{"@type":"ListItem","position":2,"name":"Tarifs et Formules d\u2019Accompagnement"}]},{"@type":"WebSite","@id":"https:\/\/edwcorporate.fr\/#website","url":"https:\/\/edwcorporate.fr\/","name":"Edw Corporate","description":"Accompagnement strat\u00e9gique pour des r\u00e9sultats durables","publisher":{"@id":"https:\/\/edwcorporate.fr\/#organization"},"potentialAction":[{"@type":"SearchAction","target":{"@type":"EntryPoint","urlTemplate":"https:\/\/edwcorporate.fr\/?s={search_term_string}"},"query-input":"required name=search_term_string"}],"inLanguage":"en-US"},{"@type":"Organization","@id":"https:\/\/edwcorporate.fr\/#organization","name":"Edw Corporate","url":"https:\/\/edwcorporate.fr\/","logo":{"@type":"ImageObject","inLanguage":"en-US","@id":"https:\/\/edwcorporate.fr\/#\/schema\/logo\/image\/","url":"https:\/\/edwcorporate.fr\/wp-content\/uploads\/2023\/05\/logo.png","contentUrl":"https:\/\/edwcorporate.fr\/wp-content\/uploads\/2023\/05\/logo.png","width":1010,"height":206,"caption":"Edw Corporate"},"image":{"@id":"https:\/\/edwcorporate.fr\/#\/schema\/logo\/image\/"}}]}},"_links":{"self":[{"href":"https:\/\/edwcorporate.fr\/en\/wp-json\/wp\/v2\/pages\/988210","targetHints":{"allow":["GET"]}}],"collection":[{"href":"https:\/\/edwcorporate.fr\/en\/wp-json\/wp\/v2\/pages"}],"about":[{"href":"https:\/\/edwcorporate.fr\/en\/wp-json\/wp\/v2\/types\/page"}],"author":[{"embeddable":true,"href":"https:\/\/edwcorporate.fr\/en\/wp-json\/wp\/v2\/users\/1"}],"replies":[{"embeddable":true,"href":"https:\/\/edwcorporate.fr\/en\/wp-json\/wp\/v2\/comments?post=988210"}],"version-history":[{"count":10,"href":"https:\/\/edwcorporate.fr\/en\/wp-json\/wp\/v2\/pages\/988210\/revisions"}],"predecessor-version":[{"id":988225,"href":"https:\/\/edwcorporate.fr\/en\/wp-json\/wp\/v2\/pages\/988210\/revisions\/988225"}],"wp:attachment":[{"href":"https:\/\/edwcorporate.fr\/en\/wp-json\/wp\/v2\/media?parent=988210"}],"curies":[{"name":"wp","href":"https:\/\/api.w.org\/{rel}","templated":true}]}}