{"id":1454,"date":"2023-05-12T11:41:16","date_gmt":"2023-05-12T11:41:16","guid":{"rendered":"https:\/\/numerique.vamtam.com\/?page_id=1454"},"modified":"2024-07-03T21:18:08","modified_gmt":"2024-07-03T19:18:08","slug":"conditions-generales-de-vente","status":"publish","type":"page","link":"https:\/\/edwcorporate.fr\/en\/conditions-generales-de-vente\/","title":{"rendered":"Terms of Sales"},"content":{"rendered":"<div data-elementor-type=\"wp-page\" data-elementor-id=\"1454\" class=\"elementor elementor-1454\" data-elementor-post-type=\"page\">\n\t\t\t\t\t\t<section class=\"elementor-section elementor-top-section elementor-element elementor-element-25329c8 elementor-section-boxed elementor-section-height-default elementor-section-height-default\" data-id=\"25329c8\" data-element_type=\"section\">\n\t\t\t\t\t\t<div class=\"elementor-container elementor-column-gap-no\">\n\t\t\t\t\t<div class=\"elementor-column elementor-col-100 elementor-top-column elementor-element elementor-element-2e6d164\" data-id=\"2e6d164\" data-element_type=\"column\">\n\t\t\t<div class=\"elementor-widget-wrap elementor-element-populated\">\n\t\t\t\t\t\t<div class=\"elementor-element elementor-element-de3720b elementor-widget elementor-widget-text-editor\" data-id=\"de3720b\" data-element_type=\"widget\" data-widget_type=\"text-editor.default\">\n\t\t\t\t<div class=\"elementor-widget-container\">\n\t\t\t<style>\/*! elementor - v3.22.0 - 26-06-2024 *\/\n.elementor-widget-text-editor.elementor-drop-cap-view-stacked .elementor-drop-cap{background-color:#69727d;color:#fff}.elementor-widget-text-editor.elementor-drop-cap-view-framed .elementor-drop-cap{color:#69727d;border:3px solid;background-color:transparent}.elementor-widget-text-editor:not(.elementor-drop-cap-view-default) .elementor-drop-cap{margin-top:8px}.elementor-widget-text-editor:not(.elementor-drop-cap-view-default) .elementor-drop-cap-letter{width:1em;height:1em}.elementor-widget-text-editor .elementor-drop-cap{float:left;text-align:center;line-height:1;font-size:50px}.elementor-widget-text-editor .elementor-drop-cap-letter{display:inline-block}<\/style>\t\t\t\t<p>Welcome to the Edw Corporate General Conditions of Sale page. Please read the following terms carefully before proceeding with any transaction with our company. By using our services or making a purchase, you automatically agree to the terms described below:<\/p>\t\t\t\t\t\t<\/div>\n\t\t\t\t<\/div>\n\t\t\t\t<div class=\"elementor-element elementor-element-8e0d2fe elementor-widget elementor-widget-heading\" data-id=\"8e0d2fe\" data-element_type=\"widget\" data-widget_type=\"heading.default\">\n\t\t\t\t<div class=\"elementor-widget-container\">\n\t\t\t<style>\/*! elementor - v3.22.0 - 26-06-2024 *\/\n.elementor-heading-title{padding:0;margin:0;line-height:1}.elementor-widget-heading .elementor-heading-title[class*=elementor-size-]>a{color:inherit;font-size:inherit;line-height:inherit}.elementor-widget-heading .elementor-heading-title.elementor-size-small{font-size:15px}.elementor-widget-heading .elementor-heading-title.elementor-size-medium{font-size:19px}.elementor-widget-heading .elementor-heading-title.elementor-size-large{font-size:29px}.elementor-widget-heading .elementor-heading-title.elementor-size-xl{font-size:39px}.elementor-widget-heading .elementor-heading-title.elementor-size-xxl{font-size:59px}<\/style><h4 class=\"elementor-heading-title elementor-size-default\">Object<\/h4>\t\t<\/div>\n\t\t\t\t<\/div>\n\t\t\t\t<div class=\"elementor-element elementor-element-66de4a6 elementor-widget elementor-widget-text-editor\" data-id=\"66de4a6\" data-element_type=\"widget\" data-widget_type=\"text-editor.default\">\n\t\t\t\t<div class=\"elementor-widget-container\">\n\t\t\t\t\t\t\t<p>Edw Corporate offers support services for the creation and management of companies in different European countries and in Dubai. Our services include, but are not limited to, opening companies, assistance in obtaining bank accounts, creating websites, and business consulting.<\/p>\t\t\t\t\t\t<\/div>\n\t\t\t\t<\/div>\n\t\t\t\t<div class=\"elementor-element elementor-element-6d96fd0 elementor-widget elementor-widget-heading\" data-id=\"6d96fd0\" data-element_type=\"widget\" data-widget_type=\"heading.default\">\n\t\t\t\t<div class=\"elementor-widget-container\">\n\t\t\t<h4 class=\"elementor-heading-title elementor-size-default\">Orders and Payment<\/h4>\t\t<\/div>\n\t\t\t\t<\/div>\n\t\t\t\t<div class=\"elementor-element elementor-element-42245a9 elementor-widget elementor-widget-text-editor\" data-id=\"42245a9\" data-element_type=\"widget\" data-widget_type=\"text-editor.default\">\n\t\t\t\t<div class=\"elementor-widget-container\">\n\t\t\t\t\t\t\t<ul><li><p><strong>Orders :<\/strong> Toute commande de service est soumise \u00e0 une confirmation \u00e9crite de notre part.<\/p><\/li><li><p><strong>Payment :<\/strong> Payment terms will be agreed upon confirmation of the order. Payments can be made by bank transfer or any other payment method accepted by Edw Corporate.<\/p><\/li><\/ul>\t\t\t\t\t\t<\/div>\n\t\t\t\t<\/div>\n\t\t\t\t<div class=\"elementor-element elementor-element-c190abd elementor-widget elementor-widget-heading\" data-id=\"c190abd\" data-element_type=\"widget\" data-widget_type=\"heading.default\">\n\t\t\t\t<div class=\"elementor-widget-container\">\n\t\t\t<h4 class=\"elementor-heading-title elementor-size-default\">Cancellation and Refund<\/h4>\t\t<\/div>\n\t\t\t\t<\/div>\n\t\t\t\t<div class=\"elementor-element elementor-element-1ba37f3 elementor-widget elementor-widget-text-editor\" data-id=\"1ba37f3\" data-element_type=\"widget\" data-widget_type=\"text-editor.default\">\n\t\t\t\t<div class=\"elementor-widget-container\">\n\t\t\t\t\t\t\t<ul><li><p><strong>Cancelation :<\/strong> Cancellation requests must be submitted in writing and may be subject to cancellation fees.<\/p><\/li><li><p><strong>Refund :<\/strong> Refunds may be granted depending on the specific circumstances of each order, and are subject to approval by Edw Corporate management.<\/p><\/li><\/ul>\t\t\t\t\t\t<\/div>\n\t\t\t\t<\/div>\n\t\t\t\t<div class=\"elementor-element elementor-element-b7cbfed elementor-widget elementor-widget-heading\" data-id=\"b7cbfed\" data-element_type=\"widget\" data-widget_type=\"heading.default\">\n\t\t\t\t<div class=\"elementor-widget-container\">\n\t\t\t<h4 class=\"elementor-heading-title elementor-size-default\">Responsibility<\/h4>\t\t<\/div>\n\t\t\t\t<\/div>\n\t\t\t\t<div class=\"elementor-element elementor-element-ae269c0 elementor-widget elementor-widget-text-editor\" data-id=\"ae269c0\" data-element_type=\"widget\" data-widget_type=\"text-editor.default\">\n\t\t\t\t<div class=\"elementor-widget-container\">\n\t\t\t\t\t\t\t<p>Edw Corporate is committed to providing high quality services in accordance with professional standards. However, we accept no liability for indirect losses or damages arising from the use of our services.<\/p>\t\t\t\t\t\t<\/div>\n\t\t\t\t<\/div>\n\t\t\t\t<div class=\"elementor-element elementor-element-fde0f1c elementor-widget elementor-widget-heading\" data-id=\"fde0f1c\" data-element_type=\"widget\" data-widget_type=\"heading.default\">\n\t\t\t\t<div class=\"elementor-widget-container\">\n\t\t\t<h4 class=\"elementor-heading-title elementor-size-default\">Confidentiality<\/h4>\t\t<\/div>\n\t\t\t\t<\/div>\n\t\t\t\t<div class=\"elementor-element elementor-element-42d30a2 elementor-widget elementor-widget-text-editor\" data-id=\"42d30a2\" data-element_type=\"widget\" data-widget_type=\"text-editor.default\">\n\t\t\t\t<div class=\"elementor-widget-container\">\n\t\t\t\t\t\t\t<p>We respect the confidentiality of all information provided by our clients and we undertake not to disclose this information to third parties without prior consent.<\/p>\t\t\t\t\t\t<\/div>\n\t\t\t\t<\/div>\n\t\t\t\t<div class=\"elementor-element elementor-element-ba0fcc0 elementor-widget elementor-widget-heading\" data-id=\"ba0fcc0\" data-element_type=\"widget\" data-widget_type=\"heading.default\">\n\t\t\t\t<div class=\"elementor-widget-container\">\n\t\t\t<h4 class=\"elementor-heading-title elementor-size-default\">Modification of the Conditions<\/h4>\t\t<\/div>\n\t\t\t\t<\/div>\n\t\t\t\t<div class=\"elementor-element elementor-element-30407f9 elementor-widget elementor-widget-text-editor\" data-id=\"30407f9\" data-element_type=\"widget\" data-widget_type=\"text-editor.default\">\n\t\t\t\t<div class=\"elementor-widget-container\">\n\t\t\t\t\t\t\t<p>Edw Corporate reserves the right to modify these general conditions of sale at any time. Customers will be notified of changes by appropriate means, and it is their responsibility to check regularly for updates.<\/p>\t\t\t\t\t\t<\/div>\n\t\t\t\t<\/div>\n\t\t\t\t<div class=\"elementor-element elementor-element-f607b8f elementor-widget elementor-widget-heading\" data-id=\"f607b8f\" data-element_type=\"widget\" data-widget_type=\"heading.default\">\n\t\t\t\t<div class=\"elementor-widget-container\">\n\t\t\t<h4 class=\"elementor-heading-title elementor-size-default\">Contact us<\/h4>\t\t<\/div>\n\t\t\t\t<\/div>\n\t\t\t\t<div class=\"elementor-element elementor-element-55ac452 elementor-widget elementor-widget-text-editor\" data-id=\"55ac452\" data-element_type=\"widget\" data-widget_type=\"text-editor.default\">\n\t\t\t\t<div class=\"elementor-widget-container\">\n\t\t\t\t\t\t\t<p>For any questions regarding our general conditions of sale, please contact us at the following address:<\/p><ul><li><strong>Email:<\/strong> contact@edwcorporate.com<\/li><li><strong>Phone :<\/strong> +33 6 82 95 84 27<\/li><\/ul>\t\t\t\t\t\t<\/div>\n\t\t\t\t<\/div>\n\t\t\t\t\t<\/div>\n\t\t<\/div>\n\t\t\t\t\t<\/div>\n\t\t<\/section>\n\t\t\t\t<\/div>","protected":false},"excerpt":{"rendered":"<p>Bienvenue sur la page des Conditions G\u00e9n\u00e9rales de Vente d&rsquo;Edw Corporate. Veuillez lire attentivement les termes suivants avant de proc\u00e9der \u00e0 toute transaction avec notre entreprise. En utilisant nos services ou en effectuant un achat, vous acceptez automatiquement les conditions d\u00e9crites ci-dessous : Objet Edw Corporate propose des services d&rsquo;accompagnement pour la cr\u00e9ation et la&#8230;<\/p>","protected":false},"author":1,"featured_media":987680,"parent":0,"menu_order":0,"comment_status":"closed","ping_status":"closed","template":"","meta":{"footnotes":""},"class_list":["post-1454","page","type-page","status-publish","has-post-thumbnail","hentry"],"yoast_head":"<!-- This site is optimized with the Yoast SEO plugin v23.0 - https:\/\/yoast.com\/wordpress\/plugins\/seo\/ -->\n<title>Conditions g\u00e9n\u00e9rales de vente - Edw Corporate<\/title>\n<meta name=\"description\" content=\"Bienvenue chez Edw Corporate, votre partenaire de confiance pour la cr\u00e9ation et le d\u00e9veloppement d&#039;entreprises en Europe et \u00e0 Dubai.\" \/>\n<meta name=\"robots\" content=\"index, follow, max-snippet:-1, max-image-preview:large, max-video-preview:-1\" \/>\n<link rel=\"canonical\" href=\"https:\/\/edwcorporate.fr\/en\/conditions-generales-de-vente\/\" \/>\n<meta property=\"og:locale\" content=\"en_US\" \/>\n<meta property=\"og:type\" content=\"article\" \/>\n<meta property=\"og:title\" content=\"Conditions g\u00e9n\u00e9rales de vente - Edw Corporate\" \/>\n<meta property=\"og:description\" content=\"Bienvenue chez Edw Corporate, votre partenaire de confiance pour la cr\u00e9ation et le d\u00e9veloppement d&#039;entreprises en Europe et \u00e0 Dubai.\" \/>\n<meta property=\"og:url\" content=\"https:\/\/edwcorporate.fr\/en\/conditions-generales-de-vente\/\" \/>\n<meta property=\"og:site_name\" content=\"Edw Corporate\" \/>\n<meta property=\"article:modified_time\" content=\"2024-07-03T19:18:08+00:00\" \/>\n<meta property=\"og:image\" content=\"https:\/\/edwcorporate.fr\/wp-content\/uploads\/2024\/07\/android-chrome-192x192-1.png\" \/>\n\t<meta property=\"og:image:width\" content=\"192\" \/>\n\t<meta property=\"og:image:height\" content=\"192\" \/>\n\t<meta property=\"og:image:type\" content=\"image\/png\" \/>\n<meta name=\"twitter:card\" content=\"summary_large_image\" \/>\n<meta name=\"twitter:label1\" content=\"Est. reading time\" \/>\n\t<meta name=\"twitter:data1\" content=\"2 minutes\" \/>\n<script type=\"application\/ld+json\" class=\"yoast-schema-graph\">{\"@context\":\"https:\/\/schema.org\",\"@graph\":[{\"@type\":\"WebPage\",\"@id\":\"https:\/\/edwcorporate.fr\/conditions-generales-de-vente\/\",\"url\":\"https:\/\/edwcorporate.fr\/conditions-generales-de-vente\/\",\"name\":\"Conditions g\u00e9n\u00e9rales de vente - Edw Corporate\",\"isPartOf\":{\"@id\":\"https:\/\/edwcorporate.fr\/#website\"},\"primaryImageOfPage\":{\"@id\":\"https:\/\/edwcorporate.fr\/conditions-generales-de-vente\/#primaryimage\"},\"image\":{\"@id\":\"https:\/\/edwcorporate.fr\/conditions-generales-de-vente\/#primaryimage\"},\"thumbnailUrl\":\"https:\/\/edwcorporate.fr\/wp-content\/uploads\/2024\/07\/android-chrome-192x192-1.png\",\"datePublished\":\"2023-05-12T11:41:16+00:00\",\"dateModified\":\"2024-07-03T19:18:08+00:00\",\"description\":\"Bienvenue chez Edw Corporate, votre partenaire de confiance pour la cr\u00e9ation et le d\u00e9veloppement d'entreprises en Europe et \u00e0 Dubai.\",\"breadcrumb\":{\"@id\":\"https:\/\/edwcorporate.fr\/conditions-generales-de-vente\/#breadcrumb\"},\"inLanguage\":\"en-US\",\"potentialAction\":[{\"@type\":\"ReadAction\",\"target\":[\"https:\/\/edwcorporate.fr\/conditions-generales-de-vente\/\"]}]},{\"@type\":\"ImageObject\",\"inLanguage\":\"en-US\",\"@id\":\"https:\/\/edwcorporate.fr\/conditions-generales-de-vente\/#primaryimage\",\"url\":\"https:\/\/edwcorporate.fr\/wp-content\/uploads\/2024\/07\/android-chrome-192x192-1.png\",\"contentUrl\":\"https:\/\/edwcorporate.fr\/wp-content\/uploads\/2024\/07\/android-chrome-192x192-1.png\",\"width\":192,\"height\":192},{\"@type\":\"BreadcrumbList\",\"@id\":\"https:\/\/edwcorporate.fr\/conditions-generales-de-vente\/#breadcrumb\",\"itemListElement\":[{\"@type\":\"ListItem\",\"position\":1,\"name\":\"Accueil\",\"item\":\"https:\/\/edwcorporate.fr\/\"},{\"@type\":\"ListItem\",\"position\":2,\"name\":\"Conditions g\u00e9n\u00e9rales de vente\"}]},{\"@type\":\"WebSite\",\"@id\":\"https:\/\/edwcorporate.fr\/#website\",\"url\":\"https:\/\/edwcorporate.fr\/\",\"name\":\"Edw Corporate\",\"description\":\"Accompagnement strat\u00e9gique pour des r\u00e9sultats durables\",\"publisher\":{\"@id\":\"https:\/\/edwcorporate.fr\/#organization\"},\"potentialAction\":[{\"@type\":\"SearchAction\",\"target\":{\"@type\":\"EntryPoint\",\"urlTemplate\":\"https:\/\/edwcorporate.fr\/?s={search_term_string}\"},\"query-input\":\"required name=search_term_string\"}],\"inLanguage\":\"en-US\"},{\"@type\":\"Organization\",\"@id\":\"https:\/\/edwcorporate.fr\/#organization\",\"name\":\"Edw Corporate\",\"url\":\"https:\/\/edwcorporate.fr\/\",\"logo\":{\"@type\":\"ImageObject\",\"inLanguage\":\"en-US\",\"@id\":\"https:\/\/edwcorporate.fr\/#\/schema\/logo\/image\/\",\"url\":\"https:\/\/edwcorporate.fr\/wp-content\/uploads\/2023\/05\/logo.png\",\"contentUrl\":\"https:\/\/edwcorporate.fr\/wp-content\/uploads\/2023\/05\/logo.png\",\"width\":1010,\"height\":206,\"caption\":\"Edw Corporate\"},\"image\":{\"@id\":\"https:\/\/edwcorporate.fr\/#\/schema\/logo\/image\/\"}}]}<\/script>\n<!-- \/ Yoast SEO plugin. -->","yoast_head_json":{"title":"Conditions g\u00e9n\u00e9rales de vente - Edw Corporate","description":"Bienvenue chez Edw Corporate, votre partenaire de confiance pour la cr\u00e9ation et le d\u00e9veloppement d'entreprises en Europe et \u00e0 Dubai.","robots":{"index":"index","follow":"follow","max-snippet":"max-snippet:-1","max-image-preview":"max-image-preview:large","max-video-preview":"max-video-preview:-1"},"canonical":"https:\/\/edwcorporate.fr\/en\/conditions-generales-de-vente\/","og_locale":"en_US","og_type":"article","og_title":"Conditions g\u00e9n\u00e9rales de vente - Edw Corporate","og_description":"Bienvenue chez Edw Corporate, votre partenaire de confiance pour la cr\u00e9ation et le d\u00e9veloppement d'entreprises en Europe et \u00e0 Dubai.","og_url":"https:\/\/edwcorporate.fr\/en\/conditions-generales-de-vente\/","og_site_name":"Edw Corporate","article_modified_time":"2024-07-03T19:18:08+00:00","og_image":[{"width":192,"height":192,"url":"https:\/\/edwcorporate.fr\/wp-content\/uploads\/2024\/07\/android-chrome-192x192-1.png","type":"image\/png"}],"twitter_card":"summary_large_image","twitter_misc":{"Est. reading time":"2 minutes"},"schema":{"@context":"https:\/\/schema.org","@graph":[{"@type":"WebPage","@id":"https:\/\/edwcorporate.fr\/conditions-generales-de-vente\/","url":"https:\/\/edwcorporate.fr\/conditions-generales-de-vente\/","name":"Conditions g\u00e9n\u00e9rales de vente - Edw Corporate","isPartOf":{"@id":"https:\/\/edwcorporate.fr\/#website"},"primaryImageOfPage":{"@id":"https:\/\/edwcorporate.fr\/conditions-generales-de-vente\/#primaryimage"},"image":{"@id":"https:\/\/edwcorporate.fr\/conditions-generales-de-vente\/#primaryimage"},"thumbnailUrl":"https:\/\/edwcorporate.fr\/wp-content\/uploads\/2024\/07\/android-chrome-192x192-1.png","datePublished":"2023-05-12T11:41:16+00:00","dateModified":"2024-07-03T19:18:08+00:00","description":"Bienvenue chez Edw Corporate, votre partenaire de confiance pour la cr\u00e9ation et le d\u00e9veloppement d'entreprises en Europe et \u00e0 Dubai.","breadcrumb":{"@id":"https:\/\/edwcorporate.fr\/conditions-generales-de-vente\/#breadcrumb"},"inLanguage":"en-US","potentialAction":[{"@type":"ReadAction","target":["https:\/\/edwcorporate.fr\/conditions-generales-de-vente\/"]}]},{"@type":"ImageObject","inLanguage":"en-US","@id":"https:\/\/edwcorporate.fr\/conditions-generales-de-vente\/#primaryimage","url":"https:\/\/edwcorporate.fr\/wp-content\/uploads\/2024\/07\/android-chrome-192x192-1.png","contentUrl":"https:\/\/edwcorporate.fr\/wp-content\/uploads\/2024\/07\/android-chrome-192x192-1.png","width":192,"height":192},{"@type":"BreadcrumbList","@id":"https:\/\/edwcorporate.fr\/conditions-generales-de-vente\/#breadcrumb","itemListElement":[{"@type":"ListItem","position":1,"name":"Accueil","item":"https:\/\/edwcorporate.fr\/"},{"@type":"ListItem","position":2,"name":"Conditions g\u00e9n\u00e9rales de vente"}]},{"@type":"WebSite","@id":"https:\/\/edwcorporate.fr\/#website","url":"https:\/\/edwcorporate.fr\/","name":"Edw Corporate","description":"Accompagnement strat\u00e9gique pour des r\u00e9sultats durables","publisher":{"@id":"https:\/\/edwcorporate.fr\/#organization"},"potentialAction":[{"@type":"SearchAction","target":{"@type":"EntryPoint","urlTemplate":"https:\/\/edwcorporate.fr\/?s={search_term_string}"},"query-input":"required name=search_term_string"}],"inLanguage":"en-US"},{"@type":"Organization","@id":"https:\/\/edwcorporate.fr\/#organization","name":"Edw Corporate","url":"https:\/\/edwcorporate.fr\/","logo":{"@type":"ImageObject","inLanguage":"en-US","@id":"https:\/\/edwcorporate.fr\/#\/schema\/logo\/image\/","url":"https:\/\/edwcorporate.fr\/wp-content\/uploads\/2023\/05\/logo.png","contentUrl":"https:\/\/edwcorporate.fr\/wp-content\/uploads\/2023\/05\/logo.png","width":1010,"height":206,"caption":"Edw Corporate"},"image":{"@id":"https:\/\/edwcorporate.fr\/#\/schema\/logo\/image\/"}}]}},"_links":{"self":[{"href":"https:\/\/edwcorporate.fr\/en\/wp-json\/wp\/v2\/pages\/1454","targetHints":{"allow":["GET"]}}],"collection":[{"href":"https:\/\/edwcorporate.fr\/en\/wp-json\/wp\/v2\/pages"}],"about":[{"href":"https:\/\/edwcorporate.fr\/en\/wp-json\/wp\/v2\/types\/page"}],"author":[{"embeddable":true,"href":"https:\/\/edwcorporate.fr\/en\/wp-json\/wp\/v2\/users\/1"}],"replies":[{"embeddable":true,"href":"https:\/\/edwcorporate.fr\/en\/wp-json\/wp\/v2\/comments?post=1454"}],"version-history":[{"count":28,"href":"https:\/\/edwcorporate.fr\/en\/wp-json\/wp\/v2\/pages\/1454\/revisions"}],"predecessor-version":[{"id":988049,"href":"https:\/\/edwcorporate.fr\/en\/wp-json\/wp\/v2\/pages\/1454\/revisions\/988049"}],"wp:featuredmedia":[{"embeddable":true,"href":"https:\/\/edwcorporate.fr\/en\/wp-json\/wp\/v2\/media\/987680"}],"wp:attachment":[{"href":"https:\/\/edwcorporate.fr\/en\/wp-json\/wp\/v2\/media?parent=1454"}],"curies":[{"name":"wp","href":"https:\/\/api.w.org\/{rel}","templated":true}]}}