{"id":103,"date":"2023-05-08T11:52:17","date_gmt":"2023-05-08T11:52:17","guid":{"rendered":"https:\/\/numerique.vamtam.com\/?page_id=103"},"modified":"2025-04-30T23:50:31","modified_gmt":"2025-04-30T21:50:31","slug":"mise-en-relation","status":"publish","type":"page","link":"https:\/\/edwcorporate.fr\/en\/services\/mise-en-relation\/","title":{"rendered":"Mise en relation Business et Opportunit\u00e9s Strat\u00e9giques"},"content":{"rendered":"<div data-elementor-type=\"wp-page\" data-elementor-id=\"103\" class=\"elementor elementor-103\" data-elementor-post-type=\"page\">\n\t\t\t\t\t\t<section class=\"elementor-section elementor-top-section elementor-element elementor-element-59aecbde elementor-section-boxed elementor-section-height-default elementor-section-height-default\" data-id=\"59aecbde\" data-element_type=\"section\">\n\t\t\t\t\t\t<div class=\"elementor-container elementor-column-gap-no\">\n\t\t\t\t\t<div class=\"elementor-column elementor-col-100 elementor-top-column elementor-element elementor-element-1946bb0e\" data-id=\"1946bb0e\" data-element_type=\"column\">\n\t\t\t<div class=\"elementor-widget-wrap elementor-element-populated\">\n\t\t\t\t\t\t<div class=\"elementor-element elementor-element-15dad97b elementor-invisible elementor-widget elementor-widget-heading\" data-id=\"15dad97b\" data-element_type=\"widget\" data-settings=\"{&quot;_animation&quot;:&quot;fadeInDown&quot;,&quot;_animation_delay&quot;:100,&quot;_animation_tablet&quot;:&quot;none&quot;}\" data-widget_type=\"heading.default\">\n\t\t\t\t<div class=\"elementor-widget-container\">\n\t\t\t<style>\/*! elementor - v3.22.0 - 26-06-2024 *\/\n.elementor-heading-title{padding:0;margin:0;line-height:1}.elementor-widget-heading .elementor-heading-title[class*=elementor-size-]>a{color:inherit;font-size:inherit;line-height:inherit}.elementor-widget-heading .elementor-heading-title.elementor-size-small{font-size:15px}.elementor-widget-heading .elementor-heading-title.elementor-size-medium{font-size:19px}.elementor-widget-heading .elementor-heading-title.elementor-size-large{font-size:29px}.elementor-widget-heading .elementor-heading-title.elementor-size-xl{font-size:39px}.elementor-widget-heading .elementor-heading-title.elementor-size-xxl{font-size:59px}<\/style><h6 class=\"elementor-heading-title elementor-size-default\">Nos domaines d'interventions<\/h6>\t\t<\/div>\n\t\t\t\t<\/div>\n\t\t\t\t<div class=\"elementor-element elementor-element-13fb34f2 elementor-invisible elementor-widget elementor-widget-heading\" data-id=\"13fb34f2\" data-element_type=\"widget\" data-settings=\"{&quot;_animation&quot;:&quot;fadeIn&quot;,&quot;_animation_delay&quot;:300,&quot;_animation_tablet&quot;:&quot;none&quot;}\" data-widget_type=\"heading.default\">\n\t\t\t\t<div class=\"elementor-widget-container\">\n\t\t\t<h3 class=\"elementor-heading-title elementor-size-default\">Nous disposons d'un r\u00e9seau vari\u00e9 pouvant impacter vos diff\u00e9rents domaines d'activit\u00e9.<\/h3>\t\t<\/div>\n\t\t\t\t<\/div>\n\t\t\t\t\t<\/div>\n\t\t<\/div>\n\t\t\t\t\t<\/div>\n\t\t<\/section>\n\t\t\t\t<section class=\"elementor-section elementor-top-section elementor-element elementor-element-688a9d32 elementor-section-boxed elementor-section-height-default elementor-section-height-default\" data-id=\"688a9d32\" data-element_type=\"section\">\n\t\t\t\t\t\t<div class=\"elementor-container elementor-column-gap-no\">\n\t\t\t\t\t<div class=\"elementor-column elementor-col-33 elementor-top-column elementor-element elementor-element-221290f8\" data-id=\"221290f8\" data-element_type=\"column\">\n\t\t\t<div class=\"elementor-widget-wrap elementor-element-populated\">\n\t\t\t\t\t\t<div class=\"elementor-element elementor-element-841a62a elementor-view-stacked elementor-shape-circle elementor-widget elementor-widget-icon\" data-id=\"841a62a\" data-element_type=\"widget\" data-widget_type=\"icon.default\">\n\t\t\t\t<div class=\"elementor-widget-container\">\n\t\t\t\t\t<div class=\"elementor-icon-wrapper\">\n\t\t\t<div class=\"elementor-icon\">\n\t\t\t<i aria-hidden=\"true\" class=\"fas fa-comments-dollar\"><\/i>\t\t\t<\/div>\n\t\t<\/div>\n\t\t\t\t<\/div>\n\t\t\t\t<\/div>\n\t\t\t\t<div class=\"elementor-element elementor-element-6a273dab elementor-widget elementor-widget-heading\" data-id=\"6a273dab\" data-element_type=\"widget\" data-widget_type=\"heading.default\">\n\t\t\t\t<div class=\"elementor-widget-container\">\n\t\t\t<h5 class=\"elementor-heading-title elementor-size-default\">Business & Entrepreneuriat<\/h5>\t\t<\/div>\n\t\t\t\t<\/div>\n\t\t\t\t<div class=\"elementor-element elementor-element-2729f401 elementor-widget elementor-widget-text-editor\" data-id=\"2729f401\" data-element_type=\"widget\" data-widget_type=\"text-editor.default\">\n\t\t\t\t<div class=\"elementor-widget-container\">\n\t\t\t<style>\/*! elementor - v3.22.0 - 26-06-2024 *\/\n.elementor-widget-text-editor.elementor-drop-cap-view-stacked .elementor-drop-cap{background-color:#69727d;color:#fff}.elementor-widget-text-editor.elementor-drop-cap-view-framed .elementor-drop-cap{color:#69727d;border:3px solid;background-color:transparent}.elementor-widget-text-editor:not(.elementor-drop-cap-view-default) .elementor-drop-cap{margin-top:8px}.elementor-widget-text-editor:not(.elementor-drop-cap-view-default) .elementor-drop-cap-letter{width:1em;height:1em}.elementor-widget-text-editor .elementor-drop-cap{float:left;text-align:center;line-height:1;font-size:50px}.elementor-widget-text-editor .elementor-drop-cap-letter{display:inline-block}<\/style>\t\t\t\t<ul><li>Experts-comptables<\/li><li>Avocats en droit des affaires \/ fiscalistes<\/li><li>Notaires<\/li><li>Consultants cr\u00e9ation d\u2019entreprise<\/li><li>Domiciliation \/ cr\u00e9ation \u00e0 l\u2019\u00e9tranger<\/li><li>Fournisseurs \/ grossistes \/ agents import-export<\/li><li>D\u00e9veloppeurs web, graphistes, community managers\u200b<\/li><\/ul>\t\t\t\t\t\t<\/div>\n\t\t\t\t<\/div>\n\t\t\t\t\t<\/div>\n\t\t<\/div>\n\t\t\t\t<div class=\"elementor-column elementor-col-33 elementor-top-column elementor-element elementor-element-77ca70bc\" data-id=\"77ca70bc\" data-element_type=\"column\">\n\t\t\t<div class=\"elementor-widget-wrap elementor-element-populated\">\n\t\t\t\t\t\t<div class=\"elementor-element elementor-element-3b2faa40 elementor-view-stacked elementor-shape-circle elementor-widget elementor-widget-icon\" data-id=\"3b2faa40\" data-element_type=\"widget\" data-widget_type=\"icon.default\">\n\t\t\t\t<div class=\"elementor-widget-container\">\n\t\t\t\t\t<div class=\"elementor-icon-wrapper\">\n\t\t\t<div class=\"elementor-icon\">\n\t\t\t<i aria-hidden=\"true\" class=\"fas fa-money-check-alt\"><\/i>\t\t\t<\/div>\n\t\t<\/div>\n\t\t\t\t<\/div>\n\t\t\t\t<\/div>\n\t\t\t\t<div class=\"elementor-element elementor-element-397f4f15 elementor-widget elementor-widget-heading\" data-id=\"397f4f15\" data-element_type=\"widget\" data-widget_type=\"heading.default\">\n\t\t\t\t<div class=\"elementor-widget-container\">\n\t\t\t<h5 class=\"elementor-heading-title elementor-size-default\">Finance & Administration<\/h5>\t\t<\/div>\n\t\t\t\t<\/div>\n\t\t\t\t<div class=\"elementor-element elementor-element-6f81e20d elementor-widget elementor-widget-text-editor\" data-id=\"6f81e20d\" data-element_type=\"widget\" data-widget_type=\"text-editor.default\">\n\t\t\t\t<div class=\"elementor-widget-container\">\n\t\t\t\t\t\t\t<ul><li>Courtiers en financement<\/li><li>Banques priv\u00e9es<\/li><li>Conseillers en gestion de patrimoine<\/li><li>Agents d\u2019assurances<\/li><li>Experts en fiscalit\u00e9 internationale<\/li><\/ul>\t\t\t\t\t\t<\/div>\n\t\t\t\t<\/div>\n\t\t\t\t\t<\/div>\n\t\t<\/div>\n\t\t\t\t<div class=\"elementor-column elementor-col-33 elementor-top-column elementor-element elementor-element-220204d1\" data-id=\"220204d1\" data-element_type=\"column\">\n\t\t\t<div class=\"elementor-widget-wrap elementor-element-populated\">\n\t\t\t\t\t\t<div class=\"elementor-element elementor-element-e8fdaec elementor-view-stacked elementor-shape-circle elementor-widget elementor-widget-icon\" data-id=\"e8fdaec\" data-element_type=\"widget\" data-widget_type=\"icon.default\">\n\t\t\t\t<div class=\"elementor-widget-container\">\n\t\t\t\t\t<div class=\"elementor-icon-wrapper\">\n\t\t\t<div class=\"elementor-icon\">\n\t\t\t<i aria-hidden=\"true\" class=\"far fa-building\"><\/i>\t\t\t<\/div>\n\t\t<\/div>\n\t\t\t\t<\/div>\n\t\t\t\t<\/div>\n\t\t\t\t<div class=\"elementor-element elementor-element-36d76996 elementor-widget elementor-widget-heading\" data-id=\"36d76996\" data-element_type=\"widget\" data-widget_type=\"heading.default\">\n\t\t\t\t<div class=\"elementor-widget-container\">\n\t\t\t<h5 class=\"elementor-heading-title elementor-size-default\">Immobilier<\/h5>\t\t<\/div>\n\t\t\t\t<\/div>\n\t\t\t\t<div class=\"elementor-element elementor-element-1d34b224 elementor-widget elementor-widget-text-editor\" data-id=\"1d34b224\" data-element_type=\"widget\" data-widget_type=\"text-editor.default\">\n\t\t\t\t<div class=\"elementor-widget-container\">\n\t\t\t\t\t\t\t<ul><li>Agents immobiliers<\/li><li>Promoteurs immobiliers<\/li><li>Architectes \/ designers d\u2019int\u00e9rieur<\/li><li>Gestionnaires de biens locatifs \/ Airbnb<\/li><li>Investisseurs \/ partenariats priv\u00e9s<\/li><\/ul>\t\t\t\t\t\t<\/div>\n\t\t\t\t<\/div>\n\t\t\t\t\t<\/div>\n\t\t<\/div>\n\t\t\t\t\t<\/div>\n\t\t<\/section>\n\t\t\t\t<section class=\"elementor-section elementor-top-section elementor-element elementor-element-806ebc9 elementor-section-boxed elementor-section-height-default elementor-section-height-default\" data-id=\"806ebc9\" data-element_type=\"section\">\n\t\t\t\t\t\t<div class=\"elementor-container elementor-column-gap-no\">\n\t\t\t\t\t<div class=\"elementor-column elementor-col-33 elementor-top-column elementor-element elementor-element-aad047c\" data-id=\"aad047c\" data-element_type=\"column\">\n\t\t\t<div class=\"elementor-widget-wrap elementor-element-populated\">\n\t\t\t\t\t\t<div class=\"elementor-element elementor-element-62b3965 elementor-view-stacked elementor-shape-circle elementor-widget elementor-widget-icon\" data-id=\"62b3965\" data-element_type=\"widget\" data-widget_type=\"icon.default\">\n\t\t\t\t<div class=\"elementor-widget-container\">\n\t\t\t\t\t<div class=\"elementor-icon-wrapper\">\n\t\t\t<div class=\"elementor-icon\">\n\t\t\t<i aria-hidden=\"true\" class=\"fas fa-running\"><\/i>\t\t\t<\/div>\n\t\t<\/div>\n\t\t\t\t<\/div>\n\t\t\t\t<\/div>\n\t\t\t\t<div class=\"elementor-element elementor-element-db0eb5f elementor-widget elementor-widget-heading\" data-id=\"db0eb5f\" data-element_type=\"widget\" data-widget_type=\"heading.default\">\n\t\t\t\t<div class=\"elementor-widget-container\">\n\t\t\t<h5 class=\"elementor-heading-title elementor-size-default\">Sport & Football Business<\/h5>\t\t<\/div>\n\t\t\t\t<\/div>\n\t\t\t\t<div class=\"elementor-element elementor-element-8299cb4 elementor-widget elementor-widget-text-editor\" data-id=\"8299cb4\" data-element_type=\"widget\" data-widget_type=\"text-editor.default\">\n\t\t\t\t<div class=\"elementor-widget-container\">\n\t\t\t\t\t\t\t<ul><li>Agents de joueurs<br \/>Acad\u00e9mies sportives \/ clubs pro<\/li><li>Repr\u00e9sentants l\u00e9gaux<\/li><li>Conseillers en carri\u00e8re<\/li><li>Agences d\u2019image \/ contrats de sponsoring<\/li><\/ul>\t\t\t\t\t\t<\/div>\n\t\t\t\t<\/div>\n\t\t\t\t\t<\/div>\n\t\t<\/div>\n\t\t\t\t<div class=\"elementor-column elementor-col-33 elementor-top-column elementor-element elementor-element-9fbecb2\" data-id=\"9fbecb2\" data-element_type=\"column\">\n\t\t\t<div class=\"elementor-widget-wrap elementor-element-populated\">\n\t\t\t\t\t\t<div class=\"elementor-element elementor-element-b894848 elementor-view-stacked elementor-shape-circle elementor-widget elementor-widget-icon\" data-id=\"b894848\" data-element_type=\"widget\" data-widget_type=\"icon.default\">\n\t\t\t\t<div class=\"elementor-widget-container\">\n\t\t\t\t\t<div class=\"elementor-icon-wrapper\">\n\t\t\t<div class=\"elementor-icon\">\n\t\t\t<i aria-hidden=\"true\" class=\"fas fa-tshirt\"><\/i>\t\t\t<\/div>\n\t\t<\/div>\n\t\t\t\t<\/div>\n\t\t\t\t<\/div>\n\t\t\t\t<div class=\"elementor-element elementor-element-839ed8e elementor-widget elementor-widget-heading\" data-id=\"839ed8e\" data-element_type=\"widget\" data-widget_type=\"heading.default\">\n\t\t\t\t<div class=\"elementor-widget-container\">\n\t\t\t<h5 class=\"elementor-heading-title elementor-size-default\">Mode, Luxe & Lifestyle<\/h5>\t\t<\/div>\n\t\t\t\t<\/div>\n\t\t\t\t<div class=\"elementor-element elementor-element-9247a32 elementor-widget elementor-widget-text-editor\" data-id=\"9247a32\" data-element_type=\"widget\" data-widget_type=\"text-editor.default\">\n\t\t\t\t<div class=\"elementor-widget-container\">\n\t\t\t\t\t\t\t<ul><li>Marques de luxe<\/li><li>Organisateurs de d\u00e9fil\u00e9s<\/li><li>Photographes, stylistes, maquilleurs<\/li><li>Prestataires haut de gamme (chauffeurs, h\u00f4tels, conciergeries)<\/li><\/ul>\t\t\t\t\t\t<\/div>\n\t\t\t\t<\/div>\n\t\t\t\t\t<\/div>\n\t\t<\/div>\n\t\t\t\t<div class=\"elementor-column elementor-col-33 elementor-top-column elementor-element elementor-element-7bd8e29\" data-id=\"7bd8e29\" data-element_type=\"column\">\n\t\t\t<div class=\"elementor-widget-wrap elementor-element-populated\">\n\t\t\t\t\t\t<div class=\"elementor-element elementor-element-37390ed elementor-view-stacked elementor-shape-circle elementor-widget elementor-widget-icon\" data-id=\"37390ed\" data-element_type=\"widget\" data-widget_type=\"icon.default\">\n\t\t\t\t<div class=\"elementor-widget-container\">\n\t\t\t\t\t<div class=\"elementor-icon-wrapper\">\n\t\t\t<div class=\"elementor-icon\">\n\t\t\t<i aria-hidden=\"true\" class=\"vamtamtheme- vamtam-theme-social-media\"><\/i>\t\t\t<\/div>\n\t\t<\/div>\n\t\t\t\t<\/div>\n\t\t\t\t<\/div>\n\t\t\t\t<div class=\"elementor-element elementor-element-04bf786 elementor-widget elementor-widget-heading\" data-id=\"04bf786\" data-element_type=\"widget\" data-widget_type=\"heading.default\">\n\t\t\t\t<div class=\"elementor-widget-container\">\n\t\t\t<h5 class=\"elementor-heading-title elementor-size-default\">Influence & Communication<\/h5>\t\t<\/div>\n\t\t\t\t<\/div>\n\t\t\t\t<div class=\"elementor-element elementor-element-5a181fd elementor-widget elementor-widget-text-editor\" data-id=\"5a181fd\" data-element_type=\"widget\" data-widget_type=\"text-editor.default\">\n\t\t\t\t<div class=\"elementor-widget-container\">\n\t\t\t\t\t\t\t<ul><li>Influenceurs strat\u00e9giques<\/li><li>Agences m\u00e9dias \/ RP<\/li><li>Partenaires lancements produits<\/li><li>R\u00e9seaux de distribution \/ affiliation<\/li><\/ul>\t\t\t\t\t\t<\/div>\n\t\t\t\t<\/div>\n\t\t\t\t\t<\/div>\n\t\t<\/div>\n\t\t\t\t\t<\/div>\n\t\t<\/section>\n\t\t\t\t<\/div>","protected":false},"excerpt":{"rendered":"<p>Profitez de notre r\u00e9seau afin de vous mettre en relation avec de nombreux partenaires afin d&rsquo;acc\u00e9der \u00e0 de nouvelles opportunit\u00e9s.<\/p>","protected":false},"author":1,"featured_media":988249,"parent":84,"menu_order":0,"comment_status":"closed","ping_status":"closed","template":"","meta":{"footnotes":""},"class_list":["post-103","page","type-page","status-publish","has-post-thumbnail","hentry"],"yoast_head":"<!-- This site is optimized with the Yoast SEO plugin v23.0 - https:\/\/yoast.com\/wordpress\/plugins\/seo\/ -->\n<title>Mise en relation Business et Opportunit\u00e9s Strat\u00e9giques - Edw Corporate<\/title>\n<meta name=\"description\" content=\"Profitez de notre r\u00e9seau afin de vous mettre en relation avec de nombreux partenaires afin d&#039;acc\u00e9der \u00e0 de nouvelles opportunit\u00e9s.\" \/>\n<meta name=\"robots\" content=\"index, follow, max-snippet:-1, max-image-preview:large, max-video-preview:-1\" \/>\n<link rel=\"canonical\" href=\"https:\/\/edwcorporate.fr\/en\/services\/mise-en-relation\/\" \/>\n<meta property=\"og:locale\" content=\"en_US\" \/>\n<meta property=\"og:type\" content=\"article\" \/>\n<meta property=\"og:title\" content=\"Mise en relation Business et Opportunit\u00e9s Strat\u00e9giques - Edw Corporate\" \/>\n<meta property=\"og:description\" content=\"Profitez de notre r\u00e9seau afin de vous mettre en relation avec de nombreux partenaires afin d&#039;acc\u00e9der \u00e0 de nouvelles opportunit\u00e9s.\" \/>\n<meta property=\"og:url\" content=\"https:\/\/edwcorporate.fr\/en\/services\/mise-en-relation\/\" \/>\n<meta property=\"og:site_name\" content=\"Edw Corporate\" \/>\n<meta property=\"article:modified_time\" content=\"2025-04-30T21:50:31+00:00\" \/>\n<meta property=\"og:image\" content=\"https:\/\/edwcorporate.fr\/wp-content\/uploads\/2025\/04\/WhatsApp-Image-2025-04-29-at-11.15.43.jpeg\" \/>\n\t<meta property=\"og:image:width\" content=\"1024\" \/>\n\t<meta property=\"og:image:height\" content=\"1024\" \/>\n\t<meta property=\"og:image:type\" content=\"image\/jpeg\" \/>\n<meta name=\"twitter:card\" content=\"summary_large_image\" \/>\n<meta name=\"twitter:label1\" content=\"Est. reading time\" \/>\n\t<meta name=\"twitter:data1\" content=\"1 minute\" \/>\n<script type=\"application\/ld+json\" class=\"yoast-schema-graph\">{\"@context\":\"https:\/\/schema.org\",\"@graph\":[{\"@type\":\"WebPage\",\"@id\":\"https:\/\/edwcorporate.fr\/services\/mise-en-relation\/\",\"url\":\"https:\/\/edwcorporate.fr\/services\/mise-en-relation\/\",\"name\":\"Mise en relation Business et Opportunit\u00e9s Strat\u00e9giques - Edw Corporate\",\"isPartOf\":{\"@id\":\"https:\/\/edwcorporate.fr\/#website\"},\"primaryImageOfPage\":{\"@id\":\"https:\/\/edwcorporate.fr\/services\/mise-en-relation\/#primaryimage\"},\"image\":{\"@id\":\"https:\/\/edwcorporate.fr\/services\/mise-en-relation\/#primaryimage\"},\"thumbnailUrl\":\"https:\/\/edwcorporate.fr\/wp-content\/uploads\/2025\/04\/WhatsApp-Image-2025-04-29-at-11.15.43.jpeg\",\"datePublished\":\"2023-05-08T11:52:17+00:00\",\"dateModified\":\"2025-04-30T21:50:31+00:00\",\"description\":\"Profitez de notre r\u00e9seau afin de vous mettre en relation avec de nombreux partenaires afin d'acc\u00e9der \u00e0 de nouvelles opportunit\u00e9s.\",\"breadcrumb\":{\"@id\":\"https:\/\/edwcorporate.fr\/services\/mise-en-relation\/#breadcrumb\"},\"inLanguage\":\"en-US\",\"potentialAction\":[{\"@type\":\"ReadAction\",\"target\":[\"https:\/\/edwcorporate.fr\/services\/mise-en-relation\/\"]}]},{\"@type\":\"ImageObject\",\"inLanguage\":\"en-US\",\"@id\":\"https:\/\/edwcorporate.fr\/services\/mise-en-relation\/#primaryimage\",\"url\":\"https:\/\/edwcorporate.fr\/wp-content\/uploads\/2025\/04\/WhatsApp-Image-2025-04-29-at-11.15.43.jpeg\",\"contentUrl\":\"https:\/\/edwcorporate.fr\/wp-content\/uploads\/2025\/04\/WhatsApp-Image-2025-04-29-at-11.15.43.jpeg\",\"width\":1024,\"height\":1024},{\"@type\":\"BreadcrumbList\",\"@id\":\"https:\/\/edwcorporate.fr\/services\/mise-en-relation\/#breadcrumb\",\"itemListElement\":[{\"@type\":\"ListItem\",\"position\":1,\"name\":\"Accueil\",\"item\":\"https:\/\/edwcorporate.fr\/\"},{\"@type\":\"ListItem\",\"position\":2,\"name\":\"Services\",\"item\":\"https:\/\/edwcorporate.fr\/services\/\"},{\"@type\":\"ListItem\",\"position\":3,\"name\":\"Mise en relation Business et Opportunit\u00e9s Strat\u00e9giques\"}]},{\"@type\":\"WebSite\",\"@id\":\"https:\/\/edwcorporate.fr\/#website\",\"url\":\"https:\/\/edwcorporate.fr\/\",\"name\":\"Edw Corporate\",\"description\":\"Accompagnement strat\u00e9gique pour des r\u00e9sultats durables\",\"publisher\":{\"@id\":\"https:\/\/edwcorporate.fr\/#organization\"},\"potentialAction\":[{\"@type\":\"SearchAction\",\"target\":{\"@type\":\"EntryPoint\",\"urlTemplate\":\"https:\/\/edwcorporate.fr\/?s={search_term_string}\"},\"query-input\":\"required name=search_term_string\"}],\"inLanguage\":\"en-US\"},{\"@type\":\"Organization\",\"@id\":\"https:\/\/edwcorporate.fr\/#organization\",\"name\":\"Edw Corporate\",\"url\":\"https:\/\/edwcorporate.fr\/\",\"logo\":{\"@type\":\"ImageObject\",\"inLanguage\":\"en-US\",\"@id\":\"https:\/\/edwcorporate.fr\/#\/schema\/logo\/image\/\",\"url\":\"https:\/\/edwcorporate.fr\/wp-content\/uploads\/2023\/05\/logo.png\",\"contentUrl\":\"https:\/\/edwcorporate.fr\/wp-content\/uploads\/2023\/05\/logo.png\",\"width\":1010,\"height\":206,\"caption\":\"Edw Corporate\"},\"image\":{\"@id\":\"https:\/\/edwcorporate.fr\/#\/schema\/logo\/image\/\"}}]}<\/script>\n<!-- \/ Yoast SEO plugin. -->","yoast_head_json":{"title":"Mise en relation Business et Opportunit\u00e9s Strat\u00e9giques - Edw Corporate","description":"Profitez de notre r\u00e9seau afin de vous mettre en relation avec de nombreux partenaires afin d'acc\u00e9der \u00e0 de nouvelles opportunit\u00e9s.","robots":{"index":"index","follow":"follow","max-snippet":"max-snippet:-1","max-image-preview":"max-image-preview:large","max-video-preview":"max-video-preview:-1"},"canonical":"https:\/\/edwcorporate.fr\/en\/services\/mise-en-relation\/","og_locale":"en_US","og_type":"article","og_title":"Mise en relation Business et Opportunit\u00e9s Strat\u00e9giques - Edw Corporate","og_description":"Profitez de notre r\u00e9seau afin de vous mettre en relation avec de nombreux partenaires afin d'acc\u00e9der \u00e0 de nouvelles opportunit\u00e9s.","og_url":"https:\/\/edwcorporate.fr\/en\/services\/mise-en-relation\/","og_site_name":"Edw Corporate","article_modified_time":"2025-04-30T21:50:31+00:00","og_image":[{"width":1024,"height":1024,"url":"https:\/\/edwcorporate.fr\/wp-content\/uploads\/2025\/04\/WhatsApp-Image-2025-04-29-at-11.15.43.jpeg","type":"image\/jpeg"}],"twitter_card":"summary_large_image","twitter_misc":{"Est. reading time":"1 minute"},"schema":{"@context":"https:\/\/schema.org","@graph":[{"@type":"WebPage","@id":"https:\/\/edwcorporate.fr\/services\/mise-en-relation\/","url":"https:\/\/edwcorporate.fr\/services\/mise-en-relation\/","name":"Mise en relation Business et Opportunit\u00e9s Strat\u00e9giques - Edw Corporate","isPartOf":{"@id":"https:\/\/edwcorporate.fr\/#website"},"primaryImageOfPage":{"@id":"https:\/\/edwcorporate.fr\/services\/mise-en-relation\/#primaryimage"},"image":{"@id":"https:\/\/edwcorporate.fr\/services\/mise-en-relation\/#primaryimage"},"thumbnailUrl":"https:\/\/edwcorporate.fr\/wp-content\/uploads\/2025\/04\/WhatsApp-Image-2025-04-29-at-11.15.43.jpeg","datePublished":"2023-05-08T11:52:17+00:00","dateModified":"2025-04-30T21:50:31+00:00","description":"Profitez de notre r\u00e9seau afin de vous mettre en relation avec de nombreux partenaires afin d'acc\u00e9der \u00e0 de nouvelles opportunit\u00e9s.","breadcrumb":{"@id":"https:\/\/edwcorporate.fr\/services\/mise-en-relation\/#breadcrumb"},"inLanguage":"en-US","potentialAction":[{"@type":"ReadAction","target":["https:\/\/edwcorporate.fr\/services\/mise-en-relation\/"]}]},{"@type":"ImageObject","inLanguage":"en-US","@id":"https:\/\/edwcorporate.fr\/services\/mise-en-relation\/#primaryimage","url":"https:\/\/edwcorporate.fr\/wp-content\/uploads\/2025\/04\/WhatsApp-Image-2025-04-29-at-11.15.43.jpeg","contentUrl":"https:\/\/edwcorporate.fr\/wp-content\/uploads\/2025\/04\/WhatsApp-Image-2025-04-29-at-11.15.43.jpeg","width":1024,"height":1024},{"@type":"BreadcrumbList","@id":"https:\/\/edwcorporate.fr\/services\/mise-en-relation\/#breadcrumb","itemListElement":[{"@type":"ListItem","position":1,"name":"Accueil","item":"https:\/\/edwcorporate.fr\/"},{"@type":"ListItem","position":2,"name":"Services","item":"https:\/\/edwcorporate.fr\/services\/"},{"@type":"ListItem","position":3,"name":"Mise en relation Business et Opportunit\u00e9s Strat\u00e9giques"}]},{"@type":"WebSite","@id":"https:\/\/edwcorporate.fr\/#website","url":"https:\/\/edwcorporate.fr\/","name":"Edw Corporate","description":"Accompagnement strat\u00e9gique pour des r\u00e9sultats durables","publisher":{"@id":"https:\/\/edwcorporate.fr\/#organization"},"potentialAction":[{"@type":"SearchAction","target":{"@type":"EntryPoint","urlTemplate":"https:\/\/edwcorporate.fr\/?s={search_term_string}"},"query-input":"required name=search_term_string"}],"inLanguage":"en-US"},{"@type":"Organization","@id":"https:\/\/edwcorporate.fr\/#organization","name":"Edw Corporate","url":"https:\/\/edwcorporate.fr\/","logo":{"@type":"ImageObject","inLanguage":"en-US","@id":"https:\/\/edwcorporate.fr\/#\/schema\/logo\/image\/","url":"https:\/\/edwcorporate.fr\/wp-content\/uploads\/2023\/05\/logo.png","contentUrl":"https:\/\/edwcorporate.fr\/wp-content\/uploads\/2023\/05\/logo.png","width":1010,"height":206,"caption":"Edw Corporate"},"image":{"@id":"https:\/\/edwcorporate.fr\/#\/schema\/logo\/image\/"}}]}},"_links":{"self":[{"href":"https:\/\/edwcorporate.fr\/en\/wp-json\/wp\/v2\/pages\/103","targetHints":{"allow":["GET"]}}],"collection":[{"href":"https:\/\/edwcorporate.fr\/en\/wp-json\/wp\/v2\/pages"}],"about":[{"href":"https:\/\/edwcorporate.fr\/en\/wp-json\/wp\/v2\/types\/page"}],"author":[{"embeddable":true,"href":"https:\/\/edwcorporate.fr\/en\/wp-json\/wp\/v2\/users\/1"}],"replies":[{"embeddable":true,"href":"https:\/\/edwcorporate.fr\/en\/wp-json\/wp\/v2\/comments?post=103"}],"version-history":[{"count":11,"href":"https:\/\/edwcorporate.fr\/en\/wp-json\/wp\/v2\/pages\/103\/revisions"}],"predecessor-version":[{"id":988186,"href":"https:\/\/edwcorporate.fr\/en\/wp-json\/wp\/v2\/pages\/103\/revisions\/988186"}],"up":[{"embeddable":true,"href":"https:\/\/edwcorporate.fr\/en\/wp-json\/wp\/v2\/pages\/84"}],"wp:featuredmedia":[{"embeddable":true,"href":"https:\/\/edwcorporate.fr\/en\/wp-json\/wp\/v2\/media\/988249"}],"wp:attachment":[{"href":"https:\/\/edwcorporate.fr\/en\/wp-json\/wp\/v2\/media?parent=103"}],"curies":[{"name":"wp","href":"https:\/\/api.w.org\/{rel}","templated":true}]}}